{"id":1183,"date":"2017-07-05T13:02:26","date_gmt":"2017-07-05T11:02:26","guid":{"rendered":"https:\/\/www.spyshop.info\/shop\/unkategorisiert\/nfr-micro-audio-recorder-david-2\/"},"modified":"2019-03-13T11:15:43","modified_gmt":"2019-03-13T10:15:43","slug":"nfr-micro-audio-recorder-david","status":"publish","type":"product","link":"https:\/\/www.spyshop.info\/en\/shop\/audio-surveillance\/recorders\/nfr-micro-audio-recorder-david\/","title":{"rendered":"NFR Micro Audio Recorder &#8220;David&#8221;"},"content":{"rendered":"<p>&#8220;David&#8221; can be programmed according to your wishes using the accompanying Windows software. With a CR2025 battery you can achieve up to 124.51 hours of recording and Vox standby of 283.45 hours. If you want to program only certain days for the standby via the calendar function, you can achieve a runtime of up to 18 years &#8211; no writing error! Program the device, stick the coin-sized dwarf to where you want to record conversations and then collect it again. You will be impressed.<\/p>\n<p>Technical specifications:<br \/>\n\u2022 High quality sound recording on a built-in 4 Gb Flash card<br \/>\n\u2022 High-quality enciphering of recorded data with a volume of up to 2048 bits<br \/>\n\u2022 Unique key generator<br \/>\n\u2022 Support of the most common types of data compression: PCM, A-LAW, ADPCM<br \/>\n\u2022 Possibilities to select the digitization rate between 5461hz, 8000hz, 11025hz, 16000hz and 22050hz<br \/>\n\u2022 Turns on \/ off the LED indicator of Record \/ Pause or VOX function<br \/>\n\u2022 Ring mode<br \/>\n\u2022 Extremely low power consumption<br \/>\n\u2022 Check the wear rate of Flash card resources<br \/>\n\u2022 Operation with different battery models, such as CR2016, CR2025 and (CR2032 &#8211; installation by a specialist technician)<br \/>\n\u2022 31mm x 21.8mm x 8.5mm<br \/>\n\u2022 Microphone SPU0410HR5H-1 &#8220;Knowles&#8221;<br \/>\n\u2022 Sensitivity of the microphone: Omnidirectional: -42dBA<\/p>\n","protected":false},"excerpt":{"rendered":"<p>&#8220;David&#8221; is the world&#8217;s smallest noise-controlled recording device and offers the enormous performance of a Goliath! You will not find any other device in this size that offers you a better performance and a cheaper price.<\/p>\n","protected":false},"featured_media":1176,"template":"","meta":[],"product_brand":[],"product_cat":[188,190],"product_tag":[],"class_list":{"0":"post-1183","1":"product","2":"type-product","3":"status-publish","4":"has-post-thumbnail","6":"product_cat-audio-surveillance","7":"product_cat-recorders","9":"first","10":"outofstock","11":"taxable","12":"shipping-taxable","13":"purchasable","14":"product-type-simple"},"yoast_head":"<!-- This site is optimized with the Yoast SEO plugin v27.5 - https:\/\/yoast.com\/product\/yoast-seo-wordpress\/ -->\n<title>NFR Micro Audio Recorder &quot;David&quot; - SpyShop<\/title>\n<meta name=\"robots\" content=\"index, follow, max-snippet:-1, max-image-preview:large, max-video-preview:-1\" \/>\n<link rel=\"canonical\" href=\"https:\/\/www.spyshop.info\/en\/shop\/audio-surveillance\/recorders\/nfr-micro-audio-recorder-david\/\" \/>\n<meta property=\"og:locale\" content=\"en_US\" \/>\n<meta property=\"og:type\" content=\"article\" \/>\n<meta property=\"og:title\" content=\"NFR Micro Audio Recorder &quot;David&quot; - SpyShop\" \/>\n<meta property=\"og:description\" content=\"&quot;David&quot; is the world&#039;s smallest noise-controlled recording device and offers the enormous performance of a Goliath! You will not find any other device in this size that offers you a better performance and a cheaper price.\" \/>\n<meta property=\"og:url\" content=\"https:\/\/www.spyshop.info\/en\/shop\/audio-surveillance\/recorders\/nfr-micro-audio-recorder-david\/\" \/>\n<meta property=\"og:site_name\" content=\"SpyShop\" \/>\n<meta property=\"article:modified_time\" content=\"2019-03-13T10:15:43+00:00\" \/>\n<meta property=\"og:image\" content=\"https:\/\/www.spyshop.info\/wp-content\/uploads\/2017\/07\/1123.jpg\" \/>\n\t<meta property=\"og:image:width\" content=\"442\" \/>\n\t<meta property=\"og:image:height\" content=\"392\" \/>\n\t<meta property=\"og:image:type\" content=\"image\/jpeg\" \/>\n<meta name=\"twitter:card\" content=\"summary_large_image\" \/>\n<meta name=\"twitter:label1\" content=\"Est. reading time\" \/>\n\t<meta name=\"twitter:data1\" content=\"1 minute\" \/>\n<script type=\"application\/ld+json\" class=\"yoast-schema-graph\">{\"@context\":\"https:\\\/\\\/schema.org\",\"@graph\":[{\"@type\":\"WebPage\",\"@id\":\"https:\\\/\\\/www.spyshop.info\\\/en\\\/shop\\\/audio-surveillance\\\/recorders\\\/nfr-micro-audio-recorder-david\\\/\",\"url\":\"https:\\\/\\\/www.spyshop.info\\\/en\\\/shop\\\/audio-surveillance\\\/recorders\\\/nfr-micro-audio-recorder-david\\\/\",\"name\":\"NFR Micro Audio Recorder \\\"David\\\" - SpyShop\",\"isPartOf\":{\"@id\":\"https:\\\/\\\/www.spyshop.info\\\/#website\"},\"primaryImageOfPage\":{\"@id\":\"https:\\\/\\\/www.spyshop.info\\\/en\\\/shop\\\/audio-surveillance\\\/recorders\\\/nfr-micro-audio-recorder-david\\\/#primaryimage\"},\"image\":{\"@id\":\"https:\\\/\\\/www.spyshop.info\\\/en\\\/shop\\\/audio-surveillance\\\/recorders\\\/nfr-micro-audio-recorder-david\\\/#primaryimage\"},\"thumbnailUrl\":\"https:\\\/\\\/www.spyshop.info\\\/wp-content\\\/uploads\\\/2017\\\/07\\\/1123.jpg\",\"datePublished\":\"2017-07-05T11:02:26+00:00\",\"dateModified\":\"2019-03-13T10:15:43+00:00\",\"breadcrumb\":{\"@id\":\"https:\\\/\\\/www.spyshop.info\\\/en\\\/shop\\\/audio-surveillance\\\/recorders\\\/nfr-micro-audio-recorder-david\\\/#breadcrumb\"},\"inLanguage\":\"en-US\",\"potentialAction\":[{\"@type\":\"ReadAction\",\"target\":[\"https:\\\/\\\/www.spyshop.info\\\/en\\\/shop\\\/audio-surveillance\\\/recorders\\\/nfr-micro-audio-recorder-david\\\/\"]}]},{\"@type\":\"ImageObject\",\"inLanguage\":\"en-US\",\"@id\":\"https:\\\/\\\/www.spyshop.info\\\/en\\\/shop\\\/audio-surveillance\\\/recorders\\\/nfr-micro-audio-recorder-david\\\/#primaryimage\",\"url\":\"https:\\\/\\\/www.spyshop.info\\\/wp-content\\\/uploads\\\/2017\\\/07\\\/1123.jpg\",\"contentUrl\":\"https:\\\/\\\/www.spyshop.info\\\/wp-content\\\/uploads\\\/2017\\\/07\\\/1123.jpg\",\"width\":442,\"height\":392,\"caption\":\"Detektiv Aufnahmeger\u00e4te\"},{\"@type\":\"BreadcrumbList\",\"@id\":\"https:\\\/\\\/www.spyshop.info\\\/en\\\/shop\\\/audio-surveillance\\\/recorders\\\/nfr-micro-audio-recorder-david\\\/#breadcrumb\",\"itemListElement\":[{\"@type\":\"ListItem\",\"position\":1,\"name\":\"Startseite\",\"item\":\"https:\\\/\\\/www.spyshop.info\\\/en\\\/\"},{\"@type\":\"ListItem\",\"position\":2,\"name\":\"Shop\",\"item\":\"https:\\\/\\\/www.spyshop.info\\\/en\\\/shop\\\/\"},{\"@type\":\"ListItem\",\"position\":3,\"name\":\"NFR Micro Audio Recorder &#8220;David&#8221;\"}]},{\"@type\":\"WebSite\",\"@id\":\"https:\\\/\\\/www.spyshop.info\\\/#website\",\"url\":\"https:\\\/\\\/www.spyshop.info\\\/\",\"name\":\"SpyShop\",\"description\":\"Abh\u00f6rger\u00e4te, GPS Sender, \u00dcberwachungskameras\",\"publisher\":{\"@id\":\"https:\\\/\\\/www.spyshop.info\\\/#organization\"},\"potentialAction\":[{\"@type\":\"SearchAction\",\"target\":{\"@type\":\"EntryPoint\",\"urlTemplate\":\"https:\\\/\\\/www.spyshop.info\\\/?s={search_term_string}\"},\"query-input\":{\"@type\":\"PropertyValueSpecification\",\"valueRequired\":true,\"valueName\":\"search_term_string\"}}],\"inLanguage\":\"en-US\"},{\"@type\":\"Organization\",\"@id\":\"https:\\\/\\\/www.spyshop.info\\\/#organization\",\"name\":\"SpyShop\",\"url\":\"https:\\\/\\\/www.spyshop.info\\\/\",\"logo\":{\"@type\":\"ImageObject\",\"inLanguage\":\"en-US\",\"@id\":\"https:\\\/\\\/www.spyshop.info\\\/#\\\/schema\\\/logo\\\/image\\\/\",\"url\":\"https:\\\/\\\/www.spyshop.info\\\/wp-content\\\/uploads\\\/2016\\\/11\\\/cropped-logo-spyshop-02-1-3.jpg\",\"contentUrl\":\"https:\\\/\\\/www.spyshop.info\\\/wp-content\\\/uploads\\\/2016\\\/11\\\/cropped-logo-spyshop-02-1-3.jpg\",\"width\":1522,\"height\":435,\"caption\":\"SpyShop\"},\"image\":{\"@id\":\"https:\\\/\\\/www.spyshop.info\\\/#\\\/schema\\\/logo\\\/image\\\/\"}}]}<\/script>\n<!-- \/ Yoast SEO plugin. -->","yoast_head_json":{"title":"NFR Micro Audio Recorder \"David\" - SpyShop","robots":{"index":"index","follow":"follow","max-snippet":"max-snippet:-1","max-image-preview":"max-image-preview:large","max-video-preview":"max-video-preview:-1"},"canonical":"https:\/\/www.spyshop.info\/en\/shop\/audio-surveillance\/recorders\/nfr-micro-audio-recorder-david\/","og_locale":"en_US","og_type":"article","og_title":"NFR Micro Audio Recorder \"David\" - SpyShop","og_description":"\"David\" is the world's smallest noise-controlled recording device and offers the enormous performance of a Goliath! You will not find any other device in this size that offers you a better performance and a cheaper price.","og_url":"https:\/\/www.spyshop.info\/en\/shop\/audio-surveillance\/recorders\/nfr-micro-audio-recorder-david\/","og_site_name":"SpyShop","article_modified_time":"2019-03-13T10:15:43+00:00","og_image":[{"width":442,"height":392,"url":"https:\/\/www.spyshop.info\/wp-content\/uploads\/2017\/07\/1123.jpg","type":"image\/jpeg"}],"twitter_card":"summary_large_image","twitter_misc":{"Est. reading time":"1 minute"},"schema":{"@context":"https:\/\/schema.org","@graph":[{"@type":"WebPage","@id":"https:\/\/www.spyshop.info\/en\/shop\/audio-surveillance\/recorders\/nfr-micro-audio-recorder-david\/","url":"https:\/\/www.spyshop.info\/en\/shop\/audio-surveillance\/recorders\/nfr-micro-audio-recorder-david\/","name":"NFR Micro Audio Recorder \"David\" - SpyShop","isPartOf":{"@id":"https:\/\/www.spyshop.info\/#website"},"primaryImageOfPage":{"@id":"https:\/\/www.spyshop.info\/en\/shop\/audio-surveillance\/recorders\/nfr-micro-audio-recorder-david\/#primaryimage"},"image":{"@id":"https:\/\/www.spyshop.info\/en\/shop\/audio-surveillance\/recorders\/nfr-micro-audio-recorder-david\/#primaryimage"},"thumbnailUrl":"https:\/\/www.spyshop.info\/wp-content\/uploads\/2017\/07\/1123.jpg","datePublished":"2017-07-05T11:02:26+00:00","dateModified":"2019-03-13T10:15:43+00:00","breadcrumb":{"@id":"https:\/\/www.spyshop.info\/en\/shop\/audio-surveillance\/recorders\/nfr-micro-audio-recorder-david\/#breadcrumb"},"inLanguage":"en-US","potentialAction":[{"@type":"ReadAction","target":["https:\/\/www.spyshop.info\/en\/shop\/audio-surveillance\/recorders\/nfr-micro-audio-recorder-david\/"]}]},{"@type":"ImageObject","inLanguage":"en-US","@id":"https:\/\/www.spyshop.info\/en\/shop\/audio-surveillance\/recorders\/nfr-micro-audio-recorder-david\/#primaryimage","url":"https:\/\/www.spyshop.info\/wp-content\/uploads\/2017\/07\/1123.jpg","contentUrl":"https:\/\/www.spyshop.info\/wp-content\/uploads\/2017\/07\/1123.jpg","width":442,"height":392,"caption":"Detektiv Aufnahmeger\u00e4te"},{"@type":"BreadcrumbList","@id":"https:\/\/www.spyshop.info\/en\/shop\/audio-surveillance\/recorders\/nfr-micro-audio-recorder-david\/#breadcrumb","itemListElement":[{"@type":"ListItem","position":1,"name":"Startseite","item":"https:\/\/www.spyshop.info\/en\/"},{"@type":"ListItem","position":2,"name":"Shop","item":"https:\/\/www.spyshop.info\/en\/shop\/"},{"@type":"ListItem","position":3,"name":"NFR Micro Audio Recorder &#8220;David&#8221;"}]},{"@type":"WebSite","@id":"https:\/\/www.spyshop.info\/#website","url":"https:\/\/www.spyshop.info\/","name":"SpyShop","description":"Abh\u00f6rger\u00e4te, GPS Sender, \u00dcberwachungskameras","publisher":{"@id":"https:\/\/www.spyshop.info\/#organization"},"potentialAction":[{"@type":"SearchAction","target":{"@type":"EntryPoint","urlTemplate":"https:\/\/www.spyshop.info\/?s={search_term_string}"},"query-input":{"@type":"PropertyValueSpecification","valueRequired":true,"valueName":"search_term_string"}}],"inLanguage":"en-US"},{"@type":"Organization","@id":"https:\/\/www.spyshop.info\/#organization","name":"SpyShop","url":"https:\/\/www.spyshop.info\/","logo":{"@type":"ImageObject","inLanguage":"en-US","@id":"https:\/\/www.spyshop.info\/#\/schema\/logo\/image\/","url":"https:\/\/www.spyshop.info\/wp-content\/uploads\/2016\/11\/cropped-logo-spyshop-02-1-3.jpg","contentUrl":"https:\/\/www.spyshop.info\/wp-content\/uploads\/2016\/11\/cropped-logo-spyshop-02-1-3.jpg","width":1522,"height":435,"caption":"SpyShop"},"image":{"@id":"https:\/\/www.spyshop.info\/#\/schema\/logo\/image\/"}}]}},"_links":{"self":[{"href":"https:\/\/www.spyshop.info\/en\/wp-json\/wp\/v2\/product\/1183","targetHints":{"allow":["GET"]}}],"collection":[{"href":"https:\/\/www.spyshop.info\/en\/wp-json\/wp\/v2\/product"}],"about":[{"href":"https:\/\/www.spyshop.info\/en\/wp-json\/wp\/v2\/types\/product"}],"version-history":[{"count":0,"href":"https:\/\/www.spyshop.info\/en\/wp-json\/wp\/v2\/product\/1183\/revisions"}],"wp:featuredmedia":[{"embeddable":true,"href":"https:\/\/www.spyshop.info\/en\/wp-json\/wp\/v2\/media\/1176"}],"wp:attachment":[{"href":"https:\/\/www.spyshop.info\/en\/wp-json\/wp\/v2\/media?parent=1183"}],"wp:term":[{"taxonomy":"product_brand","embeddable":true,"href":"https:\/\/www.spyshop.info\/en\/wp-json\/wp\/v2\/product_brand?post=1183"},{"taxonomy":"product_cat","embeddable":true,"href":"https:\/\/www.spyshop.info\/en\/wp-json\/wp\/v2\/product_cat?post=1183"},{"taxonomy":"product_tag","embeddable":true,"href":"https:\/\/www.spyshop.info\/en\/wp-json\/wp\/v2\/product_tag?post=1183"}],"curies":[{"name":"wp","href":"https:\/\/api.w.org\/{rel}","templated":true}]}}