{"id":1165,"date":"2017-06-07T17:14:24","date_gmt":"2017-06-07T15:14:24","guid":{"rendered":"https:\/\/www.spyshop.info\/shop\/unkategorisiert\/gt-u-for-ios\/"},"modified":"2019-05-05T10:00:17","modified_gmt":"2019-05-05T08:00:17","slug":"gt-u-for-ios","status":"publish","type":"product","link":"https:\/\/www.spyshop.info\/en\/shop\/gps-surveillance\/gps-trackers\/gt-u-for-ios\/","title":{"rendered":"Gtracker GT-U for iOS"},"content":{"rendered":"<p>Plug in a Nano SIM card into the larger part of the charging cable and connect it, for example to a USB socket in the vehicle.<br \/>\nOn SMS command the device responds with a Google hyperlink which shows the current position.<br \/>\nAttention: NO GPS detection, but only an LBS or GSM location.<br \/>\nSo it is not as accurate as the location of our GPS stations!<br \/>\nYou can also call the number of the SIM card and listen to what happens in the vicinity of the device. You can also let this unit call you as soon as it receives a sound source. The device is supplied with power via the USB plug power source.<\/p>\n<p>Especially in the urban area, the small stealth dwarf performs really well.<\/p>\n<p>Operating frequency 850MHZ, 900MHZ, 1800MHZ, 1900MHZ<\/p>\n<p>Matters needing attention:<\/p>\n<p>1 This product needs external power supply equipment for usage.<\/p>\n<p>2 This product does not have a waterproof function, avoid contact with water.<\/p>\n<p>3 Installation: please pay attention to the GSM network signal strength, do not install at a place without signal or with a weak signal, so that it does not affect the usage.<\/p>\n<p>4 Phone card: please reboot or determine the external power supply, the power supply equipment is normal<\/p>\n","protected":false},"excerpt":{"rendered":"<p>The GT-U is a completely concealed locating device. Camouflaged as a fully functional charging cable it can also localize and offers you with phone call the possibility to listen to what happens around the device.<\/p>\n","protected":false},"featured_media":1154,"template":"","meta":[],"product_brand":[],"product_cat":[152,153],"product_tag":[],"class_list":{"0":"post-1165","1":"product","2":"type-product","3":"status-publish","4":"has-post-thumbnail","6":"product_cat-gps-surveillance","7":"product_cat-gps-trackers","9":"first","10":"instock","11":"sale","12":"taxable","13":"shipping-taxable","14":"purchasable","15":"product-type-simple"},"yoast_head":"<!-- This site is optimized with the Yoast SEO plugin v27.3 - https:\/\/yoast.com\/product\/yoast-seo-wordpress\/ -->\n<title>Gtracker GT-U for iOS - SpyShop<\/title>\n<meta name=\"robots\" content=\"index, follow, max-snippet:-1, max-image-preview:large, max-video-preview:-1\" \/>\n<link rel=\"canonical\" href=\"https:\/\/www.spyshop.info\/shop\/gps-ortung\/gps-sender\/gt-u-fuer-ios\/\" \/>\n<meta property=\"og:locale\" content=\"en_US\" \/>\n<meta property=\"og:type\" content=\"article\" \/>\n<meta property=\"og:title\" content=\"Gtracker GT-U for iOS - SpyShop\" \/>\n<meta property=\"og:description\" content=\"The GT-U is a completely concealed locating device. Camouflaged as a fully functional charging cable it can also localize and offers you with phone call the possibility to listen to what happens around the device.\" \/>\n<meta property=\"og:url\" content=\"https:\/\/www.spyshop.info\/shop\/gps-ortung\/gps-sender\/gt-u-fuer-ios\/\" \/>\n<meta property=\"og:site_name\" content=\"SpyShop\" \/>\n<meta property=\"article:modified_time\" content=\"2019-05-05T08:00:17+00:00\" \/>\n<meta property=\"og:image\" content=\"https:\/\/www.spyshop.info\/wp-content\/uploads\/2017\/06\/2_\u526f\u672c-1.jpg\" \/>\n\t<meta property=\"og:image:width\" content=\"800\" \/>\n\t<meta property=\"og:image:height\" content=\"800\" \/>\n\t<meta property=\"og:image:type\" content=\"image\/jpeg\" \/>\n<meta name=\"twitter:card\" content=\"summary_large_image\" \/>\n<meta name=\"twitter:label1\" content=\"Est. reading time\" \/>\n\t<meta name=\"twitter:data1\" content=\"1 minute\" \/>\n<script type=\"application\/ld+json\" class=\"yoast-schema-graph\">{\"@context\":\"https:\\\/\\\/schema.org\",\"@graph\":[{\"@type\":\"WebPage\",\"@id\":\"https:\\\/\\\/www.spyshop.info\\\/shop\\\/gps-ortung\\\/gps-sender\\\/gt-u-fuer-ios\\\/\",\"url\":\"https:\\\/\\\/www.spyshop.info\\\/shop\\\/gps-ortung\\\/gps-sender\\\/gt-u-fuer-ios\\\/\",\"name\":\"Gtracker GT-U for iOS - SpyShop\",\"isPartOf\":{\"@id\":\"https:\\\/\\\/www.spyshop.info\\\/#website\"},\"primaryImageOfPage\":{\"@id\":\"https:\\\/\\\/www.spyshop.info\\\/shop\\\/gps-ortung\\\/gps-sender\\\/gt-u-fuer-ios\\\/#primaryimage\"},\"image\":{\"@id\":\"https:\\\/\\\/www.spyshop.info\\\/shop\\\/gps-ortung\\\/gps-sender\\\/gt-u-fuer-ios\\\/#primaryimage\"},\"thumbnailUrl\":\"https:\\\/\\\/www.spyshop.info\\\/wp-content\\\/uploads\\\/2017\\\/06\\\/2_\u526f\u672c-1.jpg\",\"datePublished\":\"2017-06-07T15:14:24+00:00\",\"dateModified\":\"2019-05-05T08:00:17+00:00\",\"breadcrumb\":{\"@id\":\"https:\\\/\\\/www.spyshop.info\\\/shop\\\/gps-ortung\\\/gps-sender\\\/gt-u-fuer-ios\\\/#breadcrumb\"},\"inLanguage\":\"en-US\",\"potentialAction\":[{\"@type\":\"ReadAction\",\"target\":[\"https:\\\/\\\/www.spyshop.info\\\/shop\\\/gps-ortung\\\/gps-sender\\\/gt-u-fuer-ios\\\/\"]}]},{\"@type\":\"ImageObject\",\"inLanguage\":\"en-US\",\"@id\":\"https:\\\/\\\/www.spyshop.info\\\/shop\\\/gps-ortung\\\/gps-sender\\\/gt-u-fuer-ios\\\/#primaryimage\",\"url\":\"https:\\\/\\\/www.spyshop.info\\\/wp-content\\\/uploads\\\/2017\\\/06\\\/2_\u526f\u672c-1.jpg\",\"contentUrl\":\"https:\\\/\\\/www.spyshop.info\\\/wp-content\\\/uploads\\\/2017\\\/06\\\/2_\u526f\u672c-1.jpg\",\"width\":800,\"height\":800},{\"@type\":\"BreadcrumbList\",\"@id\":\"https:\\\/\\\/www.spyshop.info\\\/shop\\\/gps-ortung\\\/gps-sender\\\/gt-u-fuer-ios\\\/#breadcrumb\",\"itemListElement\":[{\"@type\":\"ListItem\",\"position\":1,\"name\":\"Startseite\",\"item\":\"https:\\\/\\\/www.spyshop.info\\\/en\\\/\"},{\"@type\":\"ListItem\",\"position\":2,\"name\":\"Shop\",\"item\":\"https:\\\/\\\/www.spyshop.info\\\/en\\\/shop\\\/\"},{\"@type\":\"ListItem\",\"position\":3,\"name\":\"Gtracker GT-U for iOS\"}]},{\"@type\":\"WebSite\",\"@id\":\"https:\\\/\\\/www.spyshop.info\\\/#website\",\"url\":\"https:\\\/\\\/www.spyshop.info\\\/\",\"name\":\"SpyShop\",\"description\":\"Abh\u00f6rger\u00e4te, GPS Sender, \u00dcberwachungskameras\",\"publisher\":{\"@id\":\"https:\\\/\\\/www.spyshop.info\\\/#organization\"},\"potentialAction\":[{\"@type\":\"SearchAction\",\"target\":{\"@type\":\"EntryPoint\",\"urlTemplate\":\"https:\\\/\\\/www.spyshop.info\\\/?s={search_term_string}\"},\"query-input\":{\"@type\":\"PropertyValueSpecification\",\"valueRequired\":true,\"valueName\":\"search_term_string\"}}],\"inLanguage\":\"en-US\"},{\"@type\":\"Organization\",\"@id\":\"https:\\\/\\\/www.spyshop.info\\\/#organization\",\"name\":\"SpyShop\",\"url\":\"https:\\\/\\\/www.spyshop.info\\\/\",\"logo\":{\"@type\":\"ImageObject\",\"inLanguage\":\"en-US\",\"@id\":\"https:\\\/\\\/www.spyshop.info\\\/#\\\/schema\\\/logo\\\/image\\\/\",\"url\":\"https:\\\/\\\/www.spyshop.info\\\/wp-content\\\/uploads\\\/2016\\\/11\\\/cropped-logo-spyshop-02-1-3.jpg\",\"contentUrl\":\"https:\\\/\\\/www.spyshop.info\\\/wp-content\\\/uploads\\\/2016\\\/11\\\/cropped-logo-spyshop-02-1-3.jpg\",\"width\":1522,\"height\":435,\"caption\":\"SpyShop\"},\"image\":{\"@id\":\"https:\\\/\\\/www.spyshop.info\\\/#\\\/schema\\\/logo\\\/image\\\/\"}}]}<\/script>\n<!-- \/ Yoast SEO plugin. -->","yoast_head_json":{"title":"Gtracker GT-U for iOS - SpyShop","robots":{"index":"index","follow":"follow","max-snippet":"max-snippet:-1","max-image-preview":"max-image-preview:large","max-video-preview":"max-video-preview:-1"},"canonical":"https:\/\/www.spyshop.info\/shop\/gps-ortung\/gps-sender\/gt-u-fuer-ios\/","og_locale":"en_US","og_type":"article","og_title":"Gtracker GT-U for iOS - SpyShop","og_description":"The GT-U is a completely concealed locating device. Camouflaged as a fully functional charging cable it can also localize and offers you with phone call the possibility to listen to what happens around the device.","og_url":"https:\/\/www.spyshop.info\/shop\/gps-ortung\/gps-sender\/gt-u-fuer-ios\/","og_site_name":"SpyShop","article_modified_time":"2019-05-05T08:00:17+00:00","og_image":[{"width":800,"height":800,"url":"https:\/\/www.spyshop.info\/wp-content\/uploads\/2017\/06\/2_\u526f\u672c-1.jpg","type":"image\/jpeg"}],"twitter_card":"summary_large_image","twitter_misc":{"Est. reading time":"1 minute"},"schema":{"@context":"https:\/\/schema.org","@graph":[{"@type":"WebPage","@id":"https:\/\/www.spyshop.info\/shop\/gps-ortung\/gps-sender\/gt-u-fuer-ios\/","url":"https:\/\/www.spyshop.info\/shop\/gps-ortung\/gps-sender\/gt-u-fuer-ios\/","name":"Gtracker GT-U for iOS - SpyShop","isPartOf":{"@id":"https:\/\/www.spyshop.info\/#website"},"primaryImageOfPage":{"@id":"https:\/\/www.spyshop.info\/shop\/gps-ortung\/gps-sender\/gt-u-fuer-ios\/#primaryimage"},"image":{"@id":"https:\/\/www.spyshop.info\/shop\/gps-ortung\/gps-sender\/gt-u-fuer-ios\/#primaryimage"},"thumbnailUrl":"https:\/\/www.spyshop.info\/wp-content\/uploads\/2017\/06\/2_\u526f\u672c-1.jpg","datePublished":"2017-06-07T15:14:24+00:00","dateModified":"2019-05-05T08:00:17+00:00","breadcrumb":{"@id":"https:\/\/www.spyshop.info\/shop\/gps-ortung\/gps-sender\/gt-u-fuer-ios\/#breadcrumb"},"inLanguage":"en-US","potentialAction":[{"@type":"ReadAction","target":["https:\/\/www.spyshop.info\/shop\/gps-ortung\/gps-sender\/gt-u-fuer-ios\/"]}]},{"@type":"ImageObject","inLanguage":"en-US","@id":"https:\/\/www.spyshop.info\/shop\/gps-ortung\/gps-sender\/gt-u-fuer-ios\/#primaryimage","url":"https:\/\/www.spyshop.info\/wp-content\/uploads\/2017\/06\/2_\u526f\u672c-1.jpg","contentUrl":"https:\/\/www.spyshop.info\/wp-content\/uploads\/2017\/06\/2_\u526f\u672c-1.jpg","width":800,"height":800},{"@type":"BreadcrumbList","@id":"https:\/\/www.spyshop.info\/shop\/gps-ortung\/gps-sender\/gt-u-fuer-ios\/#breadcrumb","itemListElement":[{"@type":"ListItem","position":1,"name":"Startseite","item":"https:\/\/www.spyshop.info\/en\/"},{"@type":"ListItem","position":2,"name":"Shop","item":"https:\/\/www.spyshop.info\/en\/shop\/"},{"@type":"ListItem","position":3,"name":"Gtracker GT-U for iOS"}]},{"@type":"WebSite","@id":"https:\/\/www.spyshop.info\/#website","url":"https:\/\/www.spyshop.info\/","name":"SpyShop","description":"Abh\u00f6rger\u00e4te, GPS Sender, \u00dcberwachungskameras","publisher":{"@id":"https:\/\/www.spyshop.info\/#organization"},"potentialAction":[{"@type":"SearchAction","target":{"@type":"EntryPoint","urlTemplate":"https:\/\/www.spyshop.info\/?s={search_term_string}"},"query-input":{"@type":"PropertyValueSpecification","valueRequired":true,"valueName":"search_term_string"}}],"inLanguage":"en-US"},{"@type":"Organization","@id":"https:\/\/www.spyshop.info\/#organization","name":"SpyShop","url":"https:\/\/www.spyshop.info\/","logo":{"@type":"ImageObject","inLanguage":"en-US","@id":"https:\/\/www.spyshop.info\/#\/schema\/logo\/image\/","url":"https:\/\/www.spyshop.info\/wp-content\/uploads\/2016\/11\/cropped-logo-spyshop-02-1-3.jpg","contentUrl":"https:\/\/www.spyshop.info\/wp-content\/uploads\/2016\/11\/cropped-logo-spyshop-02-1-3.jpg","width":1522,"height":435,"caption":"SpyShop"},"image":{"@id":"https:\/\/www.spyshop.info\/#\/schema\/logo\/image\/"}}]}},"_links":{"self":[{"href":"https:\/\/www.spyshop.info\/en\/wp-json\/wp\/v2\/product\/1165","targetHints":{"allow":["GET"]}}],"collection":[{"href":"https:\/\/www.spyshop.info\/en\/wp-json\/wp\/v2\/product"}],"about":[{"href":"https:\/\/www.spyshop.info\/en\/wp-json\/wp\/v2\/types\/product"}],"version-history":[{"count":0,"href":"https:\/\/www.spyshop.info\/en\/wp-json\/wp\/v2\/product\/1165\/revisions"}],"wp:featuredmedia":[{"embeddable":true,"href":"https:\/\/www.spyshop.info\/en\/wp-json\/wp\/v2\/media\/1154"}],"wp:attachment":[{"href":"https:\/\/www.spyshop.info\/en\/wp-json\/wp\/v2\/media?parent=1165"}],"wp:term":[{"taxonomy":"product_brand","embeddable":true,"href":"https:\/\/www.spyshop.info\/en\/wp-json\/wp\/v2\/product_brand?post=1165"},{"taxonomy":"product_cat","embeddable":true,"href":"https:\/\/www.spyshop.info\/en\/wp-json\/wp\/v2\/product_cat?post=1165"},{"taxonomy":"product_tag","embeddable":true,"href":"https:\/\/www.spyshop.info\/en\/wp-json\/wp\/v2\/product_tag?post=1165"}],"curies":[{"name":"wp","href":"https:\/\/api.w.org\/{rel}","templated":true}]}}