{"id":1151,"date":"2017-06-07T16:53:43","date_gmt":"2017-06-07T14:53:43","guid":{"rendered":"https:\/\/www.spyshop.info\/shop\/unkategorisiert\/gt-s-2\/"},"modified":"2020-01-21T15:56:19","modified_gmt":"2020-01-21T14:56:19","slug":"gt-s-2","status":"publish","type":"product","link":"https:\/\/www.spyshop.info\/en\/shop\/gps-surveillance\/gps-trackers\/gt-s-2\/","title":{"rendered":"Gtracker GT-S"},"content":{"rendered":"<p>You want to install a locating device on a motorcycle or on a car whose base is made of plastic and aluminum, so that no magnetic-stick transmitter can be used? Then the GT-S is the best choice!<br \/>\nHowever, you can also use it to secure photos, luggage and like that, and quickly locate them if they are lost. The accurate mode with adjustable transmission intervals of 20 to 120 seconds allows you to locate the device via browser and app for smartphones. Running times of up to 4 days are achievable. The save mode allows longer running times if it is enough for you to get only one position via Google hyperlink when you request it with an SMS command.<br \/>\nOf course, you can also call the GPS station and listen to the surroundings. The device offers you great performance at a really small size.<\/p>\n<p>Parameters:<\/p>\n<p>GSM band: 850\/900\/1800\/1900Mhz<br \/>\nGPRS: class12,TCP\/IP<br \/>\ngsp chip: ublox7020<br \/>\nPower: 1200mA built in battery<br \/>\nWorking Voltage: 3.6-4.2V DC<br \/>\nGPS locating time: cold start=38s<br \/>\nwarm start=32s<br \/>\nhot start=2s<br \/>\nGPS precision: 10m<br \/>\nGPS sensitivity: -159DB<br \/>\nWorking Temperature: -20\u2103~+70\u2103<br \/>\nWorking humidity: 20%~80%RH<br \/>\nMeasures: 86*55*6mm<br \/>\nWeight: 36g<\/p>\n","protected":false},"excerpt":{"rendered":"<p>The GT-S is the dwarf among the Gtracker locators. The device size in the check card format makes it easily placeable, also where other devices cannot be installed.<\/p>\n","protected":false},"featured_media":1140,"template":"","meta":[],"product_brand":[],"product_cat":[152,153],"product_tag":[],"class_list":{"0":"post-1151","1":"product","2":"type-product","3":"status-publish","4":"has-post-thumbnail","6":"product_cat-gps-surveillance","7":"product_cat-gps-trackers","9":"first","10":"outofstock","11":"taxable","12":"shipping-taxable","13":"purchasable","14":"product-type-simple"},"yoast_head":"<!-- This site is optimized with the Yoast SEO plugin v27.3 - https:\/\/yoast.com\/product\/yoast-seo-wordpress\/ -->\n<title>Gtracker GT-S - SpyShop - monitoring devices<\/title>\n<meta name=\"description\" content=\"The GT-S is the dwarf of the Gtracker tracking devices. The device size in credit card format makes it easy to attach. Even where other devices cannot be attached.\" \/>\n<meta name=\"robots\" content=\"index, follow, max-snippet:-1, max-image-preview:large, max-video-preview:-1\" \/>\n<link rel=\"canonical\" href=\"https:\/\/www.spyshop.info\/en\/shop\/gps-surveillance\/gps-trackers\/gt-s-2\/\" \/>\n<meta property=\"og:locale\" content=\"en_US\" \/>\n<meta property=\"og:type\" content=\"article\" \/>\n<meta property=\"og:title\" content=\"Gtracker GT-S - SpyShop - monitoring devices\" \/>\n<meta property=\"og:description\" content=\"The GT-S is the dwarf of the Gtracker tracking devices. The device size in credit card format makes it easy to attach. Even where other devices cannot be attached.\" \/>\n<meta property=\"og:url\" content=\"https:\/\/www.spyshop.info\/en\/shop\/gps-surveillance\/gps-trackers\/gt-s-2\/\" \/>\n<meta property=\"og:site_name\" content=\"SpyShop\" \/>\n<meta property=\"article:modified_time\" content=\"2020-01-21T14:56:19+00:00\" \/>\n<meta property=\"og:image\" content=\"https:\/\/www.spyshop.info\/wp-content\/uploads\/2017\/06\/GT-S-6.jpg\" \/>\n\t<meta property=\"og:image:width\" content=\"706\" \/>\n\t<meta property=\"og:image:height\" content=\"531\" \/>\n\t<meta property=\"og:image:type\" content=\"image\/jpeg\" \/>\n<meta name=\"twitter:card\" content=\"summary_large_image\" \/>\n<meta name=\"twitter:label1\" content=\"Est. reading time\" \/>\n\t<meta name=\"twitter:data1\" content=\"1 minute\" \/>\n<script type=\"application\/ld+json\" class=\"yoast-schema-graph\">{\"@context\":\"https:\\\/\\\/schema.org\",\"@graph\":[{\"@type\":\"WebPage\",\"@id\":\"https:\\\/\\\/www.spyshop.info\\\/en\\\/shop\\\/gps-surveillance\\\/gps-trackers\\\/gt-s-2\\\/\",\"url\":\"https:\\\/\\\/www.spyshop.info\\\/en\\\/shop\\\/gps-surveillance\\\/gps-trackers\\\/gt-s-2\\\/\",\"name\":\"Gtracker GT-S - SpyShop - monitoring devices\",\"isPartOf\":{\"@id\":\"https:\\\/\\\/www.spyshop.info\\\/#website\"},\"primaryImageOfPage\":{\"@id\":\"https:\\\/\\\/www.spyshop.info\\\/en\\\/shop\\\/gps-surveillance\\\/gps-trackers\\\/gt-s-2\\\/#primaryimage\"},\"image\":{\"@id\":\"https:\\\/\\\/www.spyshop.info\\\/en\\\/shop\\\/gps-surveillance\\\/gps-trackers\\\/gt-s-2\\\/#primaryimage\"},\"thumbnailUrl\":\"https:\\\/\\\/www.spyshop.info\\\/wp-content\\\/uploads\\\/2017\\\/06\\\/GT-S-6.jpg\",\"datePublished\":\"2017-06-07T14:53:43+00:00\",\"dateModified\":\"2020-01-21T14:56:19+00:00\",\"description\":\"The GT-S is the dwarf of the Gtracker tracking devices. The device size in credit card format makes it easy to attach. Even where other devices cannot be attached.\",\"breadcrumb\":{\"@id\":\"https:\\\/\\\/www.spyshop.info\\\/en\\\/shop\\\/gps-surveillance\\\/gps-trackers\\\/gt-s-2\\\/#breadcrumb\"},\"inLanguage\":\"en-US\",\"potentialAction\":[{\"@type\":\"ReadAction\",\"target\":[\"https:\\\/\\\/www.spyshop.info\\\/en\\\/shop\\\/gps-surveillance\\\/gps-trackers\\\/gt-s-2\\\/\"]}]},{\"@type\":\"ImageObject\",\"inLanguage\":\"en-US\",\"@id\":\"https:\\\/\\\/www.spyshop.info\\\/en\\\/shop\\\/gps-surveillance\\\/gps-trackers\\\/gt-s-2\\\/#primaryimage\",\"url\":\"https:\\\/\\\/www.spyshop.info\\\/wp-content\\\/uploads\\\/2017\\\/06\\\/GT-S-6.jpg\",\"contentUrl\":\"https:\\\/\\\/www.spyshop.info\\\/wp-content\\\/uploads\\\/2017\\\/06\\\/GT-S-6.jpg\",\"width\":706,\"height\":531},{\"@type\":\"BreadcrumbList\",\"@id\":\"https:\\\/\\\/www.spyshop.info\\\/en\\\/shop\\\/gps-surveillance\\\/gps-trackers\\\/gt-s-2\\\/#breadcrumb\",\"itemListElement\":[{\"@type\":\"ListItem\",\"position\":1,\"name\":\"Startseite\",\"item\":\"https:\\\/\\\/www.spyshop.info\\\/en\\\/\"},{\"@type\":\"ListItem\",\"position\":2,\"name\":\"Shop\",\"item\":\"https:\\\/\\\/www.spyshop.info\\\/en\\\/shop\\\/\"},{\"@type\":\"ListItem\",\"position\":3,\"name\":\"Gtracker GT-S\"}]},{\"@type\":\"WebSite\",\"@id\":\"https:\\\/\\\/www.spyshop.info\\\/#website\",\"url\":\"https:\\\/\\\/www.spyshop.info\\\/\",\"name\":\"SpyShop\",\"description\":\"Abh\u00f6rger\u00e4te, GPS Sender, \u00dcberwachungskameras\",\"publisher\":{\"@id\":\"https:\\\/\\\/www.spyshop.info\\\/#organization\"},\"potentialAction\":[{\"@type\":\"SearchAction\",\"target\":{\"@type\":\"EntryPoint\",\"urlTemplate\":\"https:\\\/\\\/www.spyshop.info\\\/?s={search_term_string}\"},\"query-input\":{\"@type\":\"PropertyValueSpecification\",\"valueRequired\":true,\"valueName\":\"search_term_string\"}}],\"inLanguage\":\"en-US\"},{\"@type\":\"Organization\",\"@id\":\"https:\\\/\\\/www.spyshop.info\\\/#organization\",\"name\":\"SpyShop\",\"url\":\"https:\\\/\\\/www.spyshop.info\\\/\",\"logo\":{\"@type\":\"ImageObject\",\"inLanguage\":\"en-US\",\"@id\":\"https:\\\/\\\/www.spyshop.info\\\/#\\\/schema\\\/logo\\\/image\\\/\",\"url\":\"https:\\\/\\\/www.spyshop.info\\\/wp-content\\\/uploads\\\/2016\\\/11\\\/cropped-logo-spyshop-02-1-3.jpg\",\"contentUrl\":\"https:\\\/\\\/www.spyshop.info\\\/wp-content\\\/uploads\\\/2016\\\/11\\\/cropped-logo-spyshop-02-1-3.jpg\",\"width\":1522,\"height\":435,\"caption\":\"SpyShop\"},\"image\":{\"@id\":\"https:\\\/\\\/www.spyshop.info\\\/#\\\/schema\\\/logo\\\/image\\\/\"}}]}<\/script>\n<!-- \/ Yoast SEO plugin. -->","yoast_head_json":{"title":"Gtracker GT-S - SpyShop - monitoring devices","description":"The GT-S is the dwarf of the Gtracker tracking devices. The device size in credit card format makes it easy to attach. Even where other devices cannot be attached.","robots":{"index":"index","follow":"follow","max-snippet":"max-snippet:-1","max-image-preview":"max-image-preview:large","max-video-preview":"max-video-preview:-1"},"canonical":"https:\/\/www.spyshop.info\/en\/shop\/gps-surveillance\/gps-trackers\/gt-s-2\/","og_locale":"en_US","og_type":"article","og_title":"Gtracker GT-S - SpyShop - monitoring devices","og_description":"The GT-S is the dwarf of the Gtracker tracking devices. The device size in credit card format makes it easy to attach. Even where other devices cannot be attached.","og_url":"https:\/\/www.spyshop.info\/en\/shop\/gps-surveillance\/gps-trackers\/gt-s-2\/","og_site_name":"SpyShop","article_modified_time":"2020-01-21T14:56:19+00:00","og_image":[{"width":706,"height":531,"url":"https:\/\/www.spyshop.info\/wp-content\/uploads\/2017\/06\/GT-S-6.jpg","type":"image\/jpeg"}],"twitter_card":"summary_large_image","twitter_misc":{"Est. reading time":"1 minute"},"schema":{"@context":"https:\/\/schema.org","@graph":[{"@type":"WebPage","@id":"https:\/\/www.spyshop.info\/en\/shop\/gps-surveillance\/gps-trackers\/gt-s-2\/","url":"https:\/\/www.spyshop.info\/en\/shop\/gps-surveillance\/gps-trackers\/gt-s-2\/","name":"Gtracker GT-S - SpyShop - monitoring devices","isPartOf":{"@id":"https:\/\/www.spyshop.info\/#website"},"primaryImageOfPage":{"@id":"https:\/\/www.spyshop.info\/en\/shop\/gps-surveillance\/gps-trackers\/gt-s-2\/#primaryimage"},"image":{"@id":"https:\/\/www.spyshop.info\/en\/shop\/gps-surveillance\/gps-trackers\/gt-s-2\/#primaryimage"},"thumbnailUrl":"https:\/\/www.spyshop.info\/wp-content\/uploads\/2017\/06\/GT-S-6.jpg","datePublished":"2017-06-07T14:53:43+00:00","dateModified":"2020-01-21T14:56:19+00:00","description":"The GT-S is the dwarf of the Gtracker tracking devices. The device size in credit card format makes it easy to attach. Even where other devices cannot be attached.","breadcrumb":{"@id":"https:\/\/www.spyshop.info\/en\/shop\/gps-surveillance\/gps-trackers\/gt-s-2\/#breadcrumb"},"inLanguage":"en-US","potentialAction":[{"@type":"ReadAction","target":["https:\/\/www.spyshop.info\/en\/shop\/gps-surveillance\/gps-trackers\/gt-s-2\/"]}]},{"@type":"ImageObject","inLanguage":"en-US","@id":"https:\/\/www.spyshop.info\/en\/shop\/gps-surveillance\/gps-trackers\/gt-s-2\/#primaryimage","url":"https:\/\/www.spyshop.info\/wp-content\/uploads\/2017\/06\/GT-S-6.jpg","contentUrl":"https:\/\/www.spyshop.info\/wp-content\/uploads\/2017\/06\/GT-S-6.jpg","width":706,"height":531},{"@type":"BreadcrumbList","@id":"https:\/\/www.spyshop.info\/en\/shop\/gps-surveillance\/gps-trackers\/gt-s-2\/#breadcrumb","itemListElement":[{"@type":"ListItem","position":1,"name":"Startseite","item":"https:\/\/www.spyshop.info\/en\/"},{"@type":"ListItem","position":2,"name":"Shop","item":"https:\/\/www.spyshop.info\/en\/shop\/"},{"@type":"ListItem","position":3,"name":"Gtracker GT-S"}]},{"@type":"WebSite","@id":"https:\/\/www.spyshop.info\/#website","url":"https:\/\/www.spyshop.info\/","name":"SpyShop","description":"Abh\u00f6rger\u00e4te, GPS Sender, \u00dcberwachungskameras","publisher":{"@id":"https:\/\/www.spyshop.info\/#organization"},"potentialAction":[{"@type":"SearchAction","target":{"@type":"EntryPoint","urlTemplate":"https:\/\/www.spyshop.info\/?s={search_term_string}"},"query-input":{"@type":"PropertyValueSpecification","valueRequired":true,"valueName":"search_term_string"}}],"inLanguage":"en-US"},{"@type":"Organization","@id":"https:\/\/www.spyshop.info\/#organization","name":"SpyShop","url":"https:\/\/www.spyshop.info\/","logo":{"@type":"ImageObject","inLanguage":"en-US","@id":"https:\/\/www.spyshop.info\/#\/schema\/logo\/image\/","url":"https:\/\/www.spyshop.info\/wp-content\/uploads\/2016\/11\/cropped-logo-spyshop-02-1-3.jpg","contentUrl":"https:\/\/www.spyshop.info\/wp-content\/uploads\/2016\/11\/cropped-logo-spyshop-02-1-3.jpg","width":1522,"height":435,"caption":"SpyShop"},"image":{"@id":"https:\/\/www.spyshop.info\/#\/schema\/logo\/image\/"}}]}},"_links":{"self":[{"href":"https:\/\/www.spyshop.info\/en\/wp-json\/wp\/v2\/product\/1151","targetHints":{"allow":["GET"]}}],"collection":[{"href":"https:\/\/www.spyshop.info\/en\/wp-json\/wp\/v2\/product"}],"about":[{"href":"https:\/\/www.spyshop.info\/en\/wp-json\/wp\/v2\/types\/product"}],"version-history":[{"count":0,"href":"https:\/\/www.spyshop.info\/en\/wp-json\/wp\/v2\/product\/1151\/revisions"}],"wp:featuredmedia":[{"embeddable":true,"href":"https:\/\/www.spyshop.info\/en\/wp-json\/wp\/v2\/media\/1140"}],"wp:attachment":[{"href":"https:\/\/www.spyshop.info\/en\/wp-json\/wp\/v2\/media?parent=1151"}],"wp:term":[{"taxonomy":"product_brand","embeddable":true,"href":"https:\/\/www.spyshop.info\/en\/wp-json\/wp\/v2\/product_brand?post=1151"},{"taxonomy":"product_cat","embeddable":true,"href":"https:\/\/www.spyshop.info\/en\/wp-json\/wp\/v2\/product_cat?post=1151"},{"taxonomy":"product_tag","embeddable":true,"href":"https:\/\/www.spyshop.info\/en\/wp-json\/wp\/v2\/product_tag?post=1151"}],"curies":[{"name":"wp","href":"https:\/\/api.w.org\/{rel}","templated":true}]}}