{"id":1106,"date":"2017-04-04T10:20:08","date_gmt":"2017-04-04T08:20:08","guid":{"rendered":"https:\/\/www.spyshop.info\/shop\/unkategorisiert\/gtracker-location-portal-for-one-year\/"},"modified":"2019-04-17T13:00:22","modified_gmt":"2019-04-17T11:00:22","slug":"gtracker-location-portal-for-one-year","status":"publish","type":"product","link":"https:\/\/www.spyshop.info\/en\/shop\/gps-surveillance\/gps-accessoires\/gtracker-location-portal-for-one-year\/","title":{"rendered":"Gtracker location portal for one year"},"content":{"rendered":"<p>Features at a glance:<\/p>\n<p>\u2022 Track goals online<br \/>\n\u2022 Track mobile targets on your smartphone<br \/>\n\u2022 Real-time display of all destinations and stations<br \/>\n\u2022 Save your target data for 6 months<br \/>\n\u2022 The retrieval of the data is freely definable<br \/>\n\u2022 Motion alarm (geofencing)<br \/>\n\u2022 Notification by e-mail, SMS or call<br \/>\n\u2022 Digital logbook with export functions<\/p>\n","protected":false},"excerpt":{"rendered":"<p>With the Gtracker location portal you can find the current position of your destinations in real time in the office or with our free app for iOS or Android. The data is retrieved via a freely definable interval, which you determine yourself. In order to be even more efficient, our motion alarm (geofencing) alerts you immediately when the GPS transmitter is removed from a range defined by you. In this case, our system notifies you by e-mail, SMS or gives you a call. The GPS positioning system also serves as a &#8220;digital travel book&#8221; with export functions, so that you can present all locations in a comprehensible manner.<\/p>\n","protected":false},"featured_media":1103,"template":"","meta":[],"product_brand":[],"product_cat":[152,197],"product_tag":[],"class_list":{"0":"post-1106","1":"product","2":"type-product","3":"status-publish","4":"has-post-thumbnail","6":"product_cat-gps-surveillance","7":"product_cat-gps-accessoires","9":"first","10":"instock","11":"taxable","12":"shipping-taxable","13":"purchasable","14":"product-type-simple"},"yoast_head":"<!-- This site is optimized with the Yoast SEO plugin v27.5 - https:\/\/yoast.com\/product\/yoast-seo-wordpress\/ -->\n<title>Gtracker location portal for one year - SpyShop<\/title>\n<meta name=\"robots\" content=\"index, follow, max-snippet:-1, max-image-preview:large, max-video-preview:-1\" \/>\n<link rel=\"canonical\" href=\"https:\/\/www.spyshop.info\/en\/shop\/gps-surveillance\/gps-accessoires\/gtracker-location-portal-for-one-year\/\" \/>\n<meta property=\"og:locale\" content=\"en_US\" \/>\n<meta property=\"og:type\" content=\"article\" \/>\n<meta property=\"og:title\" content=\"Gtracker location portal for one year - SpyShop\" \/>\n<meta property=\"og:description\" content=\"With the Gtracker location portal you can find the current position of your destinations in real time in the office or with our free app for iOS or Android. The data is retrieved via a freely definable interval, which you determine yourself. In order to be even more efficient, our motion alarm (geofencing) alerts you immediately when the GPS transmitter is removed from a range defined by you. In this case, our system notifies you by e-mail, SMS or gives you a call. The GPS positioning system also serves as a &quot;digital travel book&quot; with export functions, so that you can present all locations in a comprehensible manner.\" \/>\n<meta property=\"og:url\" content=\"https:\/\/www.spyshop.info\/en\/shop\/gps-surveillance\/gps-accessoires\/gtracker-location-portal-for-one-year\/\" \/>\n<meta property=\"og:site_name\" content=\"SpyShop\" \/>\n<meta property=\"article:modified_time\" content=\"2019-04-17T11:00:22+00:00\" \/>\n<meta property=\"og:image\" content=\"https:\/\/www.spyshop.info\/wp-content\/uploads\/2017\/04\/gtracker_ortungsportal.jpg\" \/>\n\t<meta property=\"og:image:width\" content=\"554\" \/>\n\t<meta property=\"og:image:height\" content=\"310\" \/>\n\t<meta property=\"og:image:type\" content=\"image\/jpeg\" \/>\n<meta name=\"twitter:card\" content=\"summary_large_image\" \/>\n<script type=\"application\/ld+json\" class=\"yoast-schema-graph\">{\"@context\":\"https:\\\/\\\/schema.org\",\"@graph\":[{\"@type\":\"WebPage\",\"@id\":\"https:\\\/\\\/www.spyshop.info\\\/en\\\/shop\\\/gps-surveillance\\\/gps-accessoires\\\/gtracker-location-portal-for-one-year\\\/\",\"url\":\"https:\\\/\\\/www.spyshop.info\\\/en\\\/shop\\\/gps-surveillance\\\/gps-accessoires\\\/gtracker-location-portal-for-one-year\\\/\",\"name\":\"Gtracker location portal for one year - SpyShop\",\"isPartOf\":{\"@id\":\"https:\\\/\\\/www.spyshop.info\\\/#website\"},\"primaryImageOfPage\":{\"@id\":\"https:\\\/\\\/www.spyshop.info\\\/en\\\/shop\\\/gps-surveillance\\\/gps-accessoires\\\/gtracker-location-portal-for-one-year\\\/#primaryimage\"},\"image\":{\"@id\":\"https:\\\/\\\/www.spyshop.info\\\/en\\\/shop\\\/gps-surveillance\\\/gps-accessoires\\\/gtracker-location-portal-for-one-year\\\/#primaryimage\"},\"thumbnailUrl\":\"https:\\\/\\\/www.spyshop.info\\\/wp-content\\\/uploads\\\/2017\\\/04\\\/gtracker_ortungsportal.jpg\",\"datePublished\":\"2017-04-04T08:20:08+00:00\",\"dateModified\":\"2019-04-17T11:00:22+00:00\",\"breadcrumb\":{\"@id\":\"https:\\\/\\\/www.spyshop.info\\\/en\\\/shop\\\/gps-surveillance\\\/gps-accessoires\\\/gtracker-location-portal-for-one-year\\\/#breadcrumb\"},\"inLanguage\":\"en-US\",\"potentialAction\":[{\"@type\":\"ReadAction\",\"target\":[\"https:\\\/\\\/www.spyshop.info\\\/en\\\/shop\\\/gps-surveillance\\\/gps-accessoires\\\/gtracker-location-portal-for-one-year\\\/\"]}]},{\"@type\":\"ImageObject\",\"inLanguage\":\"en-US\",\"@id\":\"https:\\\/\\\/www.spyshop.info\\\/en\\\/shop\\\/gps-surveillance\\\/gps-accessoires\\\/gtracker-location-portal-for-one-year\\\/#primaryimage\",\"url\":\"https:\\\/\\\/www.spyshop.info\\\/wp-content\\\/uploads\\\/2017\\\/04\\\/gtracker_ortungsportal.jpg\",\"contentUrl\":\"https:\\\/\\\/www.spyshop.info\\\/wp-content\\\/uploads\\\/2017\\\/04\\\/gtracker_ortungsportal.jpg\",\"width\":554,\"height\":310},{\"@type\":\"BreadcrumbList\",\"@id\":\"https:\\\/\\\/www.spyshop.info\\\/en\\\/shop\\\/gps-surveillance\\\/gps-accessoires\\\/gtracker-location-portal-for-one-year\\\/#breadcrumb\",\"itemListElement\":[{\"@type\":\"ListItem\",\"position\":1,\"name\":\"Startseite\",\"item\":\"https:\\\/\\\/www.spyshop.info\\\/en\\\/\"},{\"@type\":\"ListItem\",\"position\":2,\"name\":\"Shop\",\"item\":\"https:\\\/\\\/www.spyshop.info\\\/en\\\/shop\\\/\"},{\"@type\":\"ListItem\",\"position\":3,\"name\":\"Gtracker location portal for one year\"}]},{\"@type\":\"WebSite\",\"@id\":\"https:\\\/\\\/www.spyshop.info\\\/#website\",\"url\":\"https:\\\/\\\/www.spyshop.info\\\/\",\"name\":\"SpyShop\",\"description\":\"Abh\u00f6rger\u00e4te, GPS Sender, \u00dcberwachungskameras\",\"publisher\":{\"@id\":\"https:\\\/\\\/www.spyshop.info\\\/#organization\"},\"potentialAction\":[{\"@type\":\"SearchAction\",\"target\":{\"@type\":\"EntryPoint\",\"urlTemplate\":\"https:\\\/\\\/www.spyshop.info\\\/?s={search_term_string}\"},\"query-input\":{\"@type\":\"PropertyValueSpecification\",\"valueRequired\":true,\"valueName\":\"search_term_string\"}}],\"inLanguage\":\"en-US\"},{\"@type\":\"Organization\",\"@id\":\"https:\\\/\\\/www.spyshop.info\\\/#organization\",\"name\":\"SpyShop\",\"url\":\"https:\\\/\\\/www.spyshop.info\\\/\",\"logo\":{\"@type\":\"ImageObject\",\"inLanguage\":\"en-US\",\"@id\":\"https:\\\/\\\/www.spyshop.info\\\/#\\\/schema\\\/logo\\\/image\\\/\",\"url\":\"https:\\\/\\\/www.spyshop.info\\\/wp-content\\\/uploads\\\/2016\\\/11\\\/cropped-logo-spyshop-02-1-3.jpg\",\"contentUrl\":\"https:\\\/\\\/www.spyshop.info\\\/wp-content\\\/uploads\\\/2016\\\/11\\\/cropped-logo-spyshop-02-1-3.jpg\",\"width\":1522,\"height\":435,\"caption\":\"SpyShop\"},\"image\":{\"@id\":\"https:\\\/\\\/www.spyshop.info\\\/#\\\/schema\\\/logo\\\/image\\\/\"}}]}<\/script>\n<!-- \/ Yoast SEO plugin. -->","yoast_head_json":{"title":"Gtracker location portal for one year - SpyShop","robots":{"index":"index","follow":"follow","max-snippet":"max-snippet:-1","max-image-preview":"max-image-preview:large","max-video-preview":"max-video-preview:-1"},"canonical":"https:\/\/www.spyshop.info\/en\/shop\/gps-surveillance\/gps-accessoires\/gtracker-location-portal-for-one-year\/","og_locale":"en_US","og_type":"article","og_title":"Gtracker location portal for one year - SpyShop","og_description":"With the Gtracker location portal you can find the current position of your destinations in real time in the office or with our free app for iOS or Android. The data is retrieved via a freely definable interval, which you determine yourself. In order to be even more efficient, our motion alarm (geofencing) alerts you immediately when the GPS transmitter is removed from a range defined by you. In this case, our system notifies you by e-mail, SMS or gives you a call. The GPS positioning system also serves as a \"digital travel book\" with export functions, so that you can present all locations in a comprehensible manner.","og_url":"https:\/\/www.spyshop.info\/en\/shop\/gps-surveillance\/gps-accessoires\/gtracker-location-portal-for-one-year\/","og_site_name":"SpyShop","article_modified_time":"2019-04-17T11:00:22+00:00","og_image":[{"width":554,"height":310,"url":"https:\/\/www.spyshop.info\/wp-content\/uploads\/2017\/04\/gtracker_ortungsportal.jpg","type":"image\/jpeg"}],"twitter_card":"summary_large_image","schema":{"@context":"https:\/\/schema.org","@graph":[{"@type":"WebPage","@id":"https:\/\/www.spyshop.info\/en\/shop\/gps-surveillance\/gps-accessoires\/gtracker-location-portal-for-one-year\/","url":"https:\/\/www.spyshop.info\/en\/shop\/gps-surveillance\/gps-accessoires\/gtracker-location-portal-for-one-year\/","name":"Gtracker location portal for one year - SpyShop","isPartOf":{"@id":"https:\/\/www.spyshop.info\/#website"},"primaryImageOfPage":{"@id":"https:\/\/www.spyshop.info\/en\/shop\/gps-surveillance\/gps-accessoires\/gtracker-location-portal-for-one-year\/#primaryimage"},"image":{"@id":"https:\/\/www.spyshop.info\/en\/shop\/gps-surveillance\/gps-accessoires\/gtracker-location-portal-for-one-year\/#primaryimage"},"thumbnailUrl":"https:\/\/www.spyshop.info\/wp-content\/uploads\/2017\/04\/gtracker_ortungsportal.jpg","datePublished":"2017-04-04T08:20:08+00:00","dateModified":"2019-04-17T11:00:22+00:00","breadcrumb":{"@id":"https:\/\/www.spyshop.info\/en\/shop\/gps-surveillance\/gps-accessoires\/gtracker-location-portal-for-one-year\/#breadcrumb"},"inLanguage":"en-US","potentialAction":[{"@type":"ReadAction","target":["https:\/\/www.spyshop.info\/en\/shop\/gps-surveillance\/gps-accessoires\/gtracker-location-portal-for-one-year\/"]}]},{"@type":"ImageObject","inLanguage":"en-US","@id":"https:\/\/www.spyshop.info\/en\/shop\/gps-surveillance\/gps-accessoires\/gtracker-location-portal-for-one-year\/#primaryimage","url":"https:\/\/www.spyshop.info\/wp-content\/uploads\/2017\/04\/gtracker_ortungsportal.jpg","contentUrl":"https:\/\/www.spyshop.info\/wp-content\/uploads\/2017\/04\/gtracker_ortungsportal.jpg","width":554,"height":310},{"@type":"BreadcrumbList","@id":"https:\/\/www.spyshop.info\/en\/shop\/gps-surveillance\/gps-accessoires\/gtracker-location-portal-for-one-year\/#breadcrumb","itemListElement":[{"@type":"ListItem","position":1,"name":"Startseite","item":"https:\/\/www.spyshop.info\/en\/"},{"@type":"ListItem","position":2,"name":"Shop","item":"https:\/\/www.spyshop.info\/en\/shop\/"},{"@type":"ListItem","position":3,"name":"Gtracker location portal for one year"}]},{"@type":"WebSite","@id":"https:\/\/www.spyshop.info\/#website","url":"https:\/\/www.spyshop.info\/","name":"SpyShop","description":"Abh\u00f6rger\u00e4te, GPS Sender, \u00dcberwachungskameras","publisher":{"@id":"https:\/\/www.spyshop.info\/#organization"},"potentialAction":[{"@type":"SearchAction","target":{"@type":"EntryPoint","urlTemplate":"https:\/\/www.spyshop.info\/?s={search_term_string}"},"query-input":{"@type":"PropertyValueSpecification","valueRequired":true,"valueName":"search_term_string"}}],"inLanguage":"en-US"},{"@type":"Organization","@id":"https:\/\/www.spyshop.info\/#organization","name":"SpyShop","url":"https:\/\/www.spyshop.info\/","logo":{"@type":"ImageObject","inLanguage":"en-US","@id":"https:\/\/www.spyshop.info\/#\/schema\/logo\/image\/","url":"https:\/\/www.spyshop.info\/wp-content\/uploads\/2016\/11\/cropped-logo-spyshop-02-1-3.jpg","contentUrl":"https:\/\/www.spyshop.info\/wp-content\/uploads\/2016\/11\/cropped-logo-spyshop-02-1-3.jpg","width":1522,"height":435,"caption":"SpyShop"},"image":{"@id":"https:\/\/www.spyshop.info\/#\/schema\/logo\/image\/"}}]}},"_links":{"self":[{"href":"https:\/\/www.spyshop.info\/en\/wp-json\/wp\/v2\/product\/1106","targetHints":{"allow":["GET"]}}],"collection":[{"href":"https:\/\/www.spyshop.info\/en\/wp-json\/wp\/v2\/product"}],"about":[{"href":"https:\/\/www.spyshop.info\/en\/wp-json\/wp\/v2\/types\/product"}],"version-history":[{"count":0,"href":"https:\/\/www.spyshop.info\/en\/wp-json\/wp\/v2\/product\/1106\/revisions"}],"wp:featuredmedia":[{"embeddable":true,"href":"https:\/\/www.spyshop.info\/en\/wp-json\/wp\/v2\/media\/1103"}],"wp:attachment":[{"href":"https:\/\/www.spyshop.info\/en\/wp-json\/wp\/v2\/media?parent=1106"}],"wp:term":[{"taxonomy":"product_brand","embeddable":true,"href":"https:\/\/www.spyshop.info\/en\/wp-json\/wp\/v2\/product_brand?post=1106"},{"taxonomy":"product_cat","embeddable":true,"href":"https:\/\/www.spyshop.info\/en\/wp-json\/wp\/v2\/product_cat?post=1106"},{"taxonomy":"product_tag","embeddable":true,"href":"https:\/\/www.spyshop.info\/en\/wp-json\/wp\/v2\/product_tag?post=1106"}],"curies":[{"name":"wp","href":"https:\/\/api.w.org\/{rel}","templated":true}]}}