{"id":1084,"date":"2017-04-04T10:07:31","date_gmt":"2017-04-04T08:07:31","guid":{"rendered":"https:\/\/www.spyshop.info\/shop\/unkategorisiert\/gtracker-gt-m-2\/"},"modified":"2020-01-21T16:01:23","modified_gmt":"2020-01-21T15:01:23","slug":"gtracker-gt-m","status":"publish","type":"product","link":"https:\/\/www.spyshop.info\/en\/shop\/gps-surveillance\/gps-trackers\/gtracker-gt-m\/","title":{"rendered":"Gtracker GT-M"},"content":{"rendered":"<p>The Gtracker GT-M is the central device in the family of our mobile and energy-autonomous GPS transmitters. Splash-proof and equipped with magnets that are already integrated, it is quickly installed to perform excellent positioning work.<br \/>\nNOTE: Of course, you can locate the transmitter P2P, i.e. via SMS. However, it is much more comfortable if you use our Gtracker location portal (including free app).<br \/>\nIn this case, you have then not only point locations, but also current, second-to-moment movements as well as historical driving books. We will gladly configure a worldwide working SIM card for you and supply the device with the same.<\/p>\n<p>Further features:<br \/>\n-) Settings can be changed remotely via SMS<br \/>\n-) Geofencing (you define a circumference when you want to have signaled that the position of the tracker has been changed or if the device has arrived or left in this area with notification)<br \/>\n-) Movement alarm<br \/>\n-) Alarm in case of speed violation<br \/>\n-) Query of the battery status<br \/>\n-) Battery-powered sleep mode with non-movement<br \/>\n-) Running time at full power operation about 6 weeks<br \/>\n-) and much more!<\/p>\n<p>Technical parameters:<\/p>\n<p>Dimensions: 120mm x 65mm x 35mm<br \/>\nWeight: 250g<br \/>\nNetwork: GSM \/ GPRS<br \/>\nBandwidth: 850\/900\/1800\/1900 Mhz<br \/>\nGPS chip: UBLOX<br \/>\nGPS sensitivity: -159dBm<br \/>\nGPS accuracy: 5m<br \/>\nStart parameters: Cold: 35-80s, Warm: 35s, Hot: 1s<br \/>\nVehicle charger: 12-24V input \/ 5V output<br \/>\nCharger: 110-220V input \/ 5V output<br \/>\nBattery: rechargeable 3.7V 10,000mAh Li-ion battery<br \/>\nStandby: 120 days<\/p>\n<p>Storage temperature: -40 to +85 degrees<br \/>\nWorking temperature: -20 to +55 degrees<br \/>\nHumidity: 6% &#8211; 95%<\/p>\n","protected":false},"excerpt":{"rendered":"<p>Use the GPS transmitter simple and uncomplicated &#8211; you will be thrilled! Locations of cars, trucks, freight containers, construction machines, agricultural machines, freight pallets, trailers etc. Switching on, positioning and locating. Nothing is simpler and technical knowledge is not necessary. There is only one sliding switch for activating and a charging socket &#8211; nothing more.<\/p>\n","protected":false},"featured_media":5264,"template":"","meta":[],"product_brand":[],"product_cat":[152,153],"product_tag":[],"class_list":{"0":"post-1084","1":"product","2":"type-product","3":"status-publish","4":"has-post-thumbnail","6":"product_cat-gps-surveillance","7":"product_cat-gps-trackers","9":"first","10":"instock","11":"sale","12":"taxable","13":"shipping-taxable","14":"purchasable","15":"product-type-simple"},"yoast_head":"<!-- This site is optimized with the Yoast SEO plugin v27.3 - https:\/\/yoast.com\/product\/yoast-seo-wordpress\/ -->\n<title>Gtracker GT-M - SpyShop - surveillance devices<\/title>\n<meta name=\"description\" content=\"The Gtracker GT-M is the middle device in the family of our energy-autonomous GPS transmitters. Equipped with already integrated magnets, it is quickly attached for excellent location work.\" \/>\n<meta name=\"robots\" content=\"index, follow, max-snippet:-1, max-image-preview:large, max-video-preview:-1\" \/>\n<link rel=\"canonical\" href=\"https:\/\/www.spyshop.info\/en\/shop\/gps-surveillance\/gps-trackers\/gtracker-gt-m\/\" \/>\n<meta property=\"og:locale\" content=\"en_US\" \/>\n<meta property=\"og:type\" content=\"article\" \/>\n<meta property=\"og:title\" content=\"Gtracker GT-M - SpyShop - surveillance devices\" \/>\n<meta property=\"og:description\" content=\"The Gtracker GT-M is the middle device in the family of our energy-autonomous GPS transmitters. Equipped with already integrated magnets, it is quickly attached for excellent location work.\" \/>\n<meta property=\"og:url\" content=\"https:\/\/www.spyshop.info\/en\/shop\/gps-surveillance\/gps-trackers\/gtracker-gt-m\/\" \/>\n<meta property=\"og:site_name\" content=\"SpyShop\" \/>\n<meta property=\"article:modified_time\" content=\"2020-01-21T15:01:23+00:00\" \/>\n<meta property=\"og:image\" content=\"https:\/\/www.spyshop.info\/wp-content\/uploads\/2017\/04\/GT-M-1-1.jpg\" \/>\n\t<meta property=\"og:image:width\" content=\"750\" \/>\n\t<meta property=\"og:image:height\" content=\"700\" \/>\n\t<meta property=\"og:image:type\" content=\"image\/jpeg\" \/>\n<meta name=\"twitter:card\" content=\"summary_large_image\" \/>\n<meta name=\"twitter:label1\" content=\"Est. reading time\" \/>\n\t<meta name=\"twitter:data1\" content=\"1 minute\" \/>\n<script type=\"application\/ld+json\" class=\"yoast-schema-graph\">{\"@context\":\"https:\\\/\\\/schema.org\",\"@graph\":[{\"@type\":\"WebPage\",\"@id\":\"https:\\\/\\\/www.spyshop.info\\\/en\\\/shop\\\/gps-surveillance\\\/gps-trackers\\\/gtracker-gt-m\\\/\",\"url\":\"https:\\\/\\\/www.spyshop.info\\\/en\\\/shop\\\/gps-surveillance\\\/gps-trackers\\\/gtracker-gt-m\\\/\",\"name\":\"Gtracker GT-M - SpyShop - surveillance devices\",\"isPartOf\":{\"@id\":\"https:\\\/\\\/www.spyshop.info\\\/#website\"},\"primaryImageOfPage\":{\"@id\":\"https:\\\/\\\/www.spyshop.info\\\/en\\\/shop\\\/gps-surveillance\\\/gps-trackers\\\/gtracker-gt-m\\\/#primaryimage\"},\"image\":{\"@id\":\"https:\\\/\\\/www.spyshop.info\\\/en\\\/shop\\\/gps-surveillance\\\/gps-trackers\\\/gtracker-gt-m\\\/#primaryimage\"},\"thumbnailUrl\":\"https:\\\/\\\/www.spyshop.info\\\/wp-content\\\/uploads\\\/2017\\\/04\\\/GT-M-1-1.jpg\",\"datePublished\":\"2017-04-04T08:07:31+00:00\",\"dateModified\":\"2020-01-21T15:01:23+00:00\",\"description\":\"The Gtracker GT-M is the middle device in the family of our energy-autonomous GPS transmitters. Equipped with already integrated magnets, it is quickly attached for excellent location work.\",\"breadcrumb\":{\"@id\":\"https:\\\/\\\/www.spyshop.info\\\/en\\\/shop\\\/gps-surveillance\\\/gps-trackers\\\/gtracker-gt-m\\\/#breadcrumb\"},\"inLanguage\":\"en-US\",\"potentialAction\":[{\"@type\":\"ReadAction\",\"target\":[\"https:\\\/\\\/www.spyshop.info\\\/en\\\/shop\\\/gps-surveillance\\\/gps-trackers\\\/gtracker-gt-m\\\/\"]}]},{\"@type\":\"ImageObject\",\"inLanguage\":\"en-US\",\"@id\":\"https:\\\/\\\/www.spyshop.info\\\/en\\\/shop\\\/gps-surveillance\\\/gps-trackers\\\/gtracker-gt-m\\\/#primaryimage\",\"url\":\"https:\\\/\\\/www.spyshop.info\\\/wp-content\\\/uploads\\\/2017\\\/04\\\/GT-M-1-1.jpg\",\"contentUrl\":\"https:\\\/\\\/www.spyshop.info\\\/wp-content\\\/uploads\\\/2017\\\/04\\\/GT-M-1-1.jpg\",\"width\":750,\"height\":700},{\"@type\":\"BreadcrumbList\",\"@id\":\"https:\\\/\\\/www.spyshop.info\\\/en\\\/shop\\\/gps-surveillance\\\/gps-trackers\\\/gtracker-gt-m\\\/#breadcrumb\",\"itemListElement\":[{\"@type\":\"ListItem\",\"position\":1,\"name\":\"Startseite\",\"item\":\"https:\\\/\\\/www.spyshop.info\\\/en\\\/\"},{\"@type\":\"ListItem\",\"position\":2,\"name\":\"Shop\",\"item\":\"https:\\\/\\\/www.spyshop.info\\\/en\\\/shop\\\/\"},{\"@type\":\"ListItem\",\"position\":3,\"name\":\"Gtracker GT-M\"}]},{\"@type\":\"WebSite\",\"@id\":\"https:\\\/\\\/www.spyshop.info\\\/#website\",\"url\":\"https:\\\/\\\/www.spyshop.info\\\/\",\"name\":\"SpyShop\",\"description\":\"Abh\u00f6rger\u00e4te, GPS Sender, \u00dcberwachungskameras\",\"publisher\":{\"@id\":\"https:\\\/\\\/www.spyshop.info\\\/#organization\"},\"potentialAction\":[{\"@type\":\"SearchAction\",\"target\":{\"@type\":\"EntryPoint\",\"urlTemplate\":\"https:\\\/\\\/www.spyshop.info\\\/?s={search_term_string}\"},\"query-input\":{\"@type\":\"PropertyValueSpecification\",\"valueRequired\":true,\"valueName\":\"search_term_string\"}}],\"inLanguage\":\"en-US\"},{\"@type\":\"Organization\",\"@id\":\"https:\\\/\\\/www.spyshop.info\\\/#organization\",\"name\":\"SpyShop\",\"url\":\"https:\\\/\\\/www.spyshop.info\\\/\",\"logo\":{\"@type\":\"ImageObject\",\"inLanguage\":\"en-US\",\"@id\":\"https:\\\/\\\/www.spyshop.info\\\/#\\\/schema\\\/logo\\\/image\\\/\",\"url\":\"https:\\\/\\\/www.spyshop.info\\\/wp-content\\\/uploads\\\/2016\\\/11\\\/cropped-logo-spyshop-02-1-3.jpg\",\"contentUrl\":\"https:\\\/\\\/www.spyshop.info\\\/wp-content\\\/uploads\\\/2016\\\/11\\\/cropped-logo-spyshop-02-1-3.jpg\",\"width\":1522,\"height\":435,\"caption\":\"SpyShop\"},\"image\":{\"@id\":\"https:\\\/\\\/www.spyshop.info\\\/#\\\/schema\\\/logo\\\/image\\\/\"}}]}<\/script>\n<!-- \/ Yoast SEO plugin. -->","yoast_head_json":{"title":"Gtracker GT-M - SpyShop - surveillance devices","description":"The Gtracker GT-M is the middle device in the family of our energy-autonomous GPS transmitters. Equipped with already integrated magnets, it is quickly attached for excellent location work.","robots":{"index":"index","follow":"follow","max-snippet":"max-snippet:-1","max-image-preview":"max-image-preview:large","max-video-preview":"max-video-preview:-1"},"canonical":"https:\/\/www.spyshop.info\/en\/shop\/gps-surveillance\/gps-trackers\/gtracker-gt-m\/","og_locale":"en_US","og_type":"article","og_title":"Gtracker GT-M - SpyShop - surveillance devices","og_description":"The Gtracker GT-M is the middle device in the family of our energy-autonomous GPS transmitters. Equipped with already integrated magnets, it is quickly attached for excellent location work.","og_url":"https:\/\/www.spyshop.info\/en\/shop\/gps-surveillance\/gps-trackers\/gtracker-gt-m\/","og_site_name":"SpyShop","article_modified_time":"2020-01-21T15:01:23+00:00","og_image":[{"width":750,"height":700,"url":"https:\/\/www.spyshop.info\/wp-content\/uploads\/2017\/04\/GT-M-1-1.jpg","type":"image\/jpeg"}],"twitter_card":"summary_large_image","twitter_misc":{"Est. reading time":"1 minute"},"schema":{"@context":"https:\/\/schema.org","@graph":[{"@type":"WebPage","@id":"https:\/\/www.spyshop.info\/en\/shop\/gps-surveillance\/gps-trackers\/gtracker-gt-m\/","url":"https:\/\/www.spyshop.info\/en\/shop\/gps-surveillance\/gps-trackers\/gtracker-gt-m\/","name":"Gtracker GT-M - SpyShop - surveillance devices","isPartOf":{"@id":"https:\/\/www.spyshop.info\/#website"},"primaryImageOfPage":{"@id":"https:\/\/www.spyshop.info\/en\/shop\/gps-surveillance\/gps-trackers\/gtracker-gt-m\/#primaryimage"},"image":{"@id":"https:\/\/www.spyshop.info\/en\/shop\/gps-surveillance\/gps-trackers\/gtracker-gt-m\/#primaryimage"},"thumbnailUrl":"https:\/\/www.spyshop.info\/wp-content\/uploads\/2017\/04\/GT-M-1-1.jpg","datePublished":"2017-04-04T08:07:31+00:00","dateModified":"2020-01-21T15:01:23+00:00","description":"The Gtracker GT-M is the middle device in the family of our energy-autonomous GPS transmitters. Equipped with already integrated magnets, it is quickly attached for excellent location work.","breadcrumb":{"@id":"https:\/\/www.spyshop.info\/en\/shop\/gps-surveillance\/gps-trackers\/gtracker-gt-m\/#breadcrumb"},"inLanguage":"en-US","potentialAction":[{"@type":"ReadAction","target":["https:\/\/www.spyshop.info\/en\/shop\/gps-surveillance\/gps-trackers\/gtracker-gt-m\/"]}]},{"@type":"ImageObject","inLanguage":"en-US","@id":"https:\/\/www.spyshop.info\/en\/shop\/gps-surveillance\/gps-trackers\/gtracker-gt-m\/#primaryimage","url":"https:\/\/www.spyshop.info\/wp-content\/uploads\/2017\/04\/GT-M-1-1.jpg","contentUrl":"https:\/\/www.spyshop.info\/wp-content\/uploads\/2017\/04\/GT-M-1-1.jpg","width":750,"height":700},{"@type":"BreadcrumbList","@id":"https:\/\/www.spyshop.info\/en\/shop\/gps-surveillance\/gps-trackers\/gtracker-gt-m\/#breadcrumb","itemListElement":[{"@type":"ListItem","position":1,"name":"Startseite","item":"https:\/\/www.spyshop.info\/en\/"},{"@type":"ListItem","position":2,"name":"Shop","item":"https:\/\/www.spyshop.info\/en\/shop\/"},{"@type":"ListItem","position":3,"name":"Gtracker GT-M"}]},{"@type":"WebSite","@id":"https:\/\/www.spyshop.info\/#website","url":"https:\/\/www.spyshop.info\/","name":"SpyShop","description":"Abh\u00f6rger\u00e4te, GPS Sender, \u00dcberwachungskameras","publisher":{"@id":"https:\/\/www.spyshop.info\/#organization"},"potentialAction":[{"@type":"SearchAction","target":{"@type":"EntryPoint","urlTemplate":"https:\/\/www.spyshop.info\/?s={search_term_string}"},"query-input":{"@type":"PropertyValueSpecification","valueRequired":true,"valueName":"search_term_string"}}],"inLanguage":"en-US"},{"@type":"Organization","@id":"https:\/\/www.spyshop.info\/#organization","name":"SpyShop","url":"https:\/\/www.spyshop.info\/","logo":{"@type":"ImageObject","inLanguage":"en-US","@id":"https:\/\/www.spyshop.info\/#\/schema\/logo\/image\/","url":"https:\/\/www.spyshop.info\/wp-content\/uploads\/2016\/11\/cropped-logo-spyshop-02-1-3.jpg","contentUrl":"https:\/\/www.spyshop.info\/wp-content\/uploads\/2016\/11\/cropped-logo-spyshop-02-1-3.jpg","width":1522,"height":435,"caption":"SpyShop"},"image":{"@id":"https:\/\/www.spyshop.info\/#\/schema\/logo\/image\/"}}]}},"_links":{"self":[{"href":"https:\/\/www.spyshop.info\/en\/wp-json\/wp\/v2\/product\/1084","targetHints":{"allow":["GET"]}}],"collection":[{"href":"https:\/\/www.spyshop.info\/en\/wp-json\/wp\/v2\/product"}],"about":[{"href":"https:\/\/www.spyshop.info\/en\/wp-json\/wp\/v2\/types\/product"}],"version-history":[{"count":0,"href":"https:\/\/www.spyshop.info\/en\/wp-json\/wp\/v2\/product\/1084\/revisions"}],"wp:featuredmedia":[{"embeddable":true,"href":"https:\/\/www.spyshop.info\/en\/wp-json\/wp\/v2\/media\/5264"}],"wp:attachment":[{"href":"https:\/\/www.spyshop.info\/en\/wp-json\/wp\/v2\/media?parent=1084"}],"wp:term":[{"taxonomy":"product_brand","embeddable":true,"href":"https:\/\/www.spyshop.info\/en\/wp-json\/wp\/v2\/product_brand?post=1084"},{"taxonomy":"product_cat","embeddable":true,"href":"https:\/\/www.spyshop.info\/en\/wp-json\/wp\/v2\/product_cat?post=1084"},{"taxonomy":"product_tag","embeddable":true,"href":"https:\/\/www.spyshop.info\/en\/wp-json\/wp\/v2\/product_tag?post=1084"}],"curies":[{"name":"wp","href":"https:\/\/api.w.org\/{rel}","templated":true}]}}