{"id":1045,"date":"2017-03-06T13:33:59","date_gmt":"2017-03-06T12:36:14","guid":{"rendered":"https:\/\/www.spyshop.info\/?post_type=product&#038;p=1045"},"modified":"2019-06-24T13:11:42","modified_gmt":"2019-06-24T11:11:42","slug":"wifi-weather-station-with-camouflaged-camera-and-integrated-recording","status":"publish","type":"product","link":"https:\/\/www.spyshop.info\/en\/shop\/video-surveillance\/hidden-cameras-with-recording\/wifi-weather-station-with-camouflaged-camera-and-integrated-recording\/","title":{"rendered":"WiFi weather station with camouflaged camera and integrated recording"},"content":{"rendered":"<p>You can simply set up and activate this device. As soon as you have adjusted all the basic settings and set them to motion detection, the unit records video and audio data in full quality. After that you can simply remove the MicroSD card and read the data from the computer. The device can also stay permanently connected to the power supply and has a ring data memory, which means that the oldest video \/ audio data is overwritten when the memory card is full. In addition, you can get a live insight or change the settings via iOS or Android app at any time.<\/p>\n<p>&nbsp;<\/p>\n<p>Product characteristics<\/p>\n<p>&nbsp;<\/p>\n<p>Weather station<\/p>\n<p>5 inch LCD display<\/p>\n<p>Background-lightened display weather \/ humidity \/ moon phase \/ time \/ date \/ week<\/p>\n<p>1.0 Mega pixels CMOS<\/p>\n<p>Video resolution: 1920 * 1080.30bps<\/p>\n<p>Photo resolution: 2592 * 1944<\/p>\n<p>Video format AVI<\/p>\n<p>Picture sequence 30fps<\/p>\n<p>Viewing angle 90\u00b0<\/p>\n<p>Motion detection<\/p>\n<p>Minimum light requirement 1LUX<\/p>\n<p>Ringdate memory &amp; and recording during the charging process<\/p>\n<p>Battery life 1.5 &#8211; 2 hours<\/p>\n<p>Battery capacity 3000mAh<\/p>\n<p>Continuous recording time 24 hours and more<\/p>\n<p>App for iOS or AndroidMemory card MicroSD card<\/p>\n<p>Maximum card size 128GB<\/p>\n<p>Recording: 1min \/ about 153MB<\/p>\n<p>Charging time about 5 &#8211; 6 hours<\/p>\n<p>&nbsp;<\/p>\n<p>Scope of delivery<\/p>\n<p>&nbsp;<\/p>\n<p>1 x Wifi camera<\/p>\n<p>1 x outside sensor<\/p>\n<p>1 x instruction manual<\/p>\n<p>1 x 1.5m USB cable<\/p>\n<p>1 x AC power adapter<\/p>\n","protected":false},"excerpt":{"rendered":"<p>This product is an HD (1080p @ 25FPS) camera monitoring module with TF card storage. It is a multifunctional high-tech product that includes monitoring functions such as video recording, photos, motion detection, and so on. Via App (iOS or Android), you can access the camera at any time (remote control and live image).<\/p>\n","protected":false},"featured_media":1038,"template":"","meta":[],"product_brand":[],"product_cat":[167,164,168],"product_tag":[],"class_list":{"0":"post-1045","1":"product","2":"type-product","3":"status-publish","4":"has-post-thumbnail","6":"product_cat-hidden-cameras-with-recording","7":"product_cat-video-surveillance","8":"product_cat-hidden-wifi-radio-and-gsm-cameras","10":"first","11":"outofstock","12":"taxable","13":"shipping-taxable","14":"purchasable","15":"product-type-simple"},"yoast_head":"<!-- This site is optimized with the Yoast SEO plugin v27.4 - https:\/\/yoast.com\/product\/yoast-seo-wordpress\/ -->\n<title>WiFi weather station with camouflaged camera and integrated recording - SpyShop<\/title>\n<meta name=\"robots\" content=\"index, follow, max-snippet:-1, max-image-preview:large, max-video-preview:-1\" \/>\n<link rel=\"canonical\" href=\"https:\/\/www.spyshop.info\/en\/shop\/video-surveillance\/hidden-cameras-with-recording\/wifi-weather-station-with-camouflaged-camera-and-integrated-recording\/\" \/>\n<meta property=\"og:locale\" content=\"en_US\" \/>\n<meta property=\"og:type\" content=\"article\" \/>\n<meta property=\"og:title\" content=\"WiFi weather station with camouflaged camera and integrated recording - SpyShop\" \/>\n<meta property=\"og:description\" content=\"This product is an HD (1080p @ 25FPS) camera monitoring module with TF card storage. It is a multifunctional high-tech product that includes monitoring functions such as video recording, photos, motion detection, and so on. Via App (iOS or Android), you can access the camera at any time (remote control and live image).\" \/>\n<meta property=\"og:url\" content=\"https:\/\/www.spyshop.info\/en\/shop\/video-surveillance\/hidden-cameras-with-recording\/wifi-weather-station-with-camouflaged-camera-and-integrated-recording\/\" \/>\n<meta property=\"og:site_name\" content=\"SpyShop\" \/>\n<meta property=\"article:modified_time\" content=\"2019-06-24T11:11:42+00:00\" \/>\n<meta property=\"og:image\" content=\"https:\/\/www.spyshop.info\/wp-content\/uploads\/2017\/03\/1-1.png\" \/>\n\t<meta property=\"og:image:width\" content=\"557\" \/>\n\t<meta property=\"og:image:height\" content=\"272\" \/>\n\t<meta property=\"og:image:type\" content=\"image\/png\" \/>\n<meta name=\"twitter:card\" content=\"summary_large_image\" \/>\n<meta name=\"twitter:label1\" content=\"Est. reading time\" \/>\n\t<meta name=\"twitter:data1\" content=\"1 minute\" \/>\n<script type=\"application\/ld+json\" class=\"yoast-schema-graph\">{\"@context\":\"https:\\\/\\\/schema.org\",\"@graph\":[{\"@type\":\"WebPage\",\"@id\":\"https:\\\/\\\/www.spyshop.info\\\/en\\\/shop\\\/video-surveillance\\\/hidden-cameras-with-recording\\\/wifi-weather-station-with-camouflaged-camera-and-integrated-recording\\\/\",\"url\":\"https:\\\/\\\/www.spyshop.info\\\/en\\\/shop\\\/video-surveillance\\\/hidden-cameras-with-recording\\\/wifi-weather-station-with-camouflaged-camera-and-integrated-recording\\\/\",\"name\":\"WiFi weather station with camouflaged camera and integrated recording - SpyShop\",\"isPartOf\":{\"@id\":\"https:\\\/\\\/www.spyshop.info\\\/#website\"},\"primaryImageOfPage\":{\"@id\":\"https:\\\/\\\/www.spyshop.info\\\/en\\\/shop\\\/video-surveillance\\\/hidden-cameras-with-recording\\\/wifi-weather-station-with-camouflaged-camera-and-integrated-recording\\\/#primaryimage\"},\"image\":{\"@id\":\"https:\\\/\\\/www.spyshop.info\\\/en\\\/shop\\\/video-surveillance\\\/hidden-cameras-with-recording\\\/wifi-weather-station-with-camouflaged-camera-and-integrated-recording\\\/#primaryimage\"},\"thumbnailUrl\":\"https:\\\/\\\/www.spyshop.info\\\/wp-content\\\/uploads\\\/2017\\\/03\\\/1-1.png\",\"datePublished\":\"2017-03-06T12:36:14+00:00\",\"dateModified\":\"2019-06-24T11:11:42+00:00\",\"breadcrumb\":{\"@id\":\"https:\\\/\\\/www.spyshop.info\\\/en\\\/shop\\\/video-surveillance\\\/hidden-cameras-with-recording\\\/wifi-weather-station-with-camouflaged-camera-and-integrated-recording\\\/#breadcrumb\"},\"inLanguage\":\"en-US\",\"potentialAction\":[{\"@type\":\"ReadAction\",\"target\":[\"https:\\\/\\\/www.spyshop.info\\\/en\\\/shop\\\/video-surveillance\\\/hidden-cameras-with-recording\\\/wifi-weather-station-with-camouflaged-camera-and-integrated-recording\\\/\"]}]},{\"@type\":\"ImageObject\",\"inLanguage\":\"en-US\",\"@id\":\"https:\\\/\\\/www.spyshop.info\\\/en\\\/shop\\\/video-surveillance\\\/hidden-cameras-with-recording\\\/wifi-weather-station-with-camouflaged-camera-and-integrated-recording\\\/#primaryimage\",\"url\":\"https:\\\/\\\/www.spyshop.info\\\/wp-content\\\/uploads\\\/2017\\\/03\\\/1-1.png\",\"contentUrl\":\"https:\\\/\\\/www.spyshop.info\\\/wp-content\\\/uploads\\\/2017\\\/03\\\/1-1.png\",\"width\":557,\"height\":272},{\"@type\":\"BreadcrumbList\",\"@id\":\"https:\\\/\\\/www.spyshop.info\\\/en\\\/shop\\\/video-surveillance\\\/hidden-cameras-with-recording\\\/wifi-weather-station-with-camouflaged-camera-and-integrated-recording\\\/#breadcrumb\",\"itemListElement\":[{\"@type\":\"ListItem\",\"position\":1,\"name\":\"Startseite\",\"item\":\"https:\\\/\\\/www.spyshop.info\\\/en\\\/\"},{\"@type\":\"ListItem\",\"position\":2,\"name\":\"Shop\",\"item\":\"https:\\\/\\\/www.spyshop.info\\\/en\\\/shop\\\/\"},{\"@type\":\"ListItem\",\"position\":3,\"name\":\"WiFi weather station with camouflaged camera and integrated recording\"}]},{\"@type\":\"WebSite\",\"@id\":\"https:\\\/\\\/www.spyshop.info\\\/#website\",\"url\":\"https:\\\/\\\/www.spyshop.info\\\/\",\"name\":\"SpyShop\",\"description\":\"Abh\u00f6rger\u00e4te, GPS Sender, \u00dcberwachungskameras\",\"publisher\":{\"@id\":\"https:\\\/\\\/www.spyshop.info\\\/#organization\"},\"potentialAction\":[{\"@type\":\"SearchAction\",\"target\":{\"@type\":\"EntryPoint\",\"urlTemplate\":\"https:\\\/\\\/www.spyshop.info\\\/?s={search_term_string}\"},\"query-input\":{\"@type\":\"PropertyValueSpecification\",\"valueRequired\":true,\"valueName\":\"search_term_string\"}}],\"inLanguage\":\"en-US\"},{\"@type\":\"Organization\",\"@id\":\"https:\\\/\\\/www.spyshop.info\\\/#organization\",\"name\":\"SpyShop\",\"url\":\"https:\\\/\\\/www.spyshop.info\\\/\",\"logo\":{\"@type\":\"ImageObject\",\"inLanguage\":\"en-US\",\"@id\":\"https:\\\/\\\/www.spyshop.info\\\/#\\\/schema\\\/logo\\\/image\\\/\",\"url\":\"https:\\\/\\\/www.spyshop.info\\\/wp-content\\\/uploads\\\/2016\\\/11\\\/cropped-logo-spyshop-02-1-3.jpg\",\"contentUrl\":\"https:\\\/\\\/www.spyshop.info\\\/wp-content\\\/uploads\\\/2016\\\/11\\\/cropped-logo-spyshop-02-1-3.jpg\",\"width\":1522,\"height\":435,\"caption\":\"SpyShop\"},\"image\":{\"@id\":\"https:\\\/\\\/www.spyshop.info\\\/#\\\/schema\\\/logo\\\/image\\\/\"}}]}<\/script>\n<!-- \/ Yoast SEO plugin. -->","yoast_head_json":{"title":"WiFi weather station with camouflaged camera and integrated recording - SpyShop","robots":{"index":"index","follow":"follow","max-snippet":"max-snippet:-1","max-image-preview":"max-image-preview:large","max-video-preview":"max-video-preview:-1"},"canonical":"https:\/\/www.spyshop.info\/en\/shop\/video-surveillance\/hidden-cameras-with-recording\/wifi-weather-station-with-camouflaged-camera-and-integrated-recording\/","og_locale":"en_US","og_type":"article","og_title":"WiFi weather station with camouflaged camera and integrated recording - SpyShop","og_description":"This product is an HD (1080p @ 25FPS) camera monitoring module with TF card storage. It is a multifunctional high-tech product that includes monitoring functions such as video recording, photos, motion detection, and so on. Via App (iOS or Android), you can access the camera at any time (remote control and live image).","og_url":"https:\/\/www.spyshop.info\/en\/shop\/video-surveillance\/hidden-cameras-with-recording\/wifi-weather-station-with-camouflaged-camera-and-integrated-recording\/","og_site_name":"SpyShop","article_modified_time":"2019-06-24T11:11:42+00:00","og_image":[{"width":557,"height":272,"url":"https:\/\/www.spyshop.info\/wp-content\/uploads\/2017\/03\/1-1.png","type":"image\/png"}],"twitter_card":"summary_large_image","twitter_misc":{"Est. reading time":"1 minute"},"schema":{"@context":"https:\/\/schema.org","@graph":[{"@type":"WebPage","@id":"https:\/\/www.spyshop.info\/en\/shop\/video-surveillance\/hidden-cameras-with-recording\/wifi-weather-station-with-camouflaged-camera-and-integrated-recording\/","url":"https:\/\/www.spyshop.info\/en\/shop\/video-surveillance\/hidden-cameras-with-recording\/wifi-weather-station-with-camouflaged-camera-and-integrated-recording\/","name":"WiFi weather station with camouflaged camera and integrated recording - SpyShop","isPartOf":{"@id":"https:\/\/www.spyshop.info\/#website"},"primaryImageOfPage":{"@id":"https:\/\/www.spyshop.info\/en\/shop\/video-surveillance\/hidden-cameras-with-recording\/wifi-weather-station-with-camouflaged-camera-and-integrated-recording\/#primaryimage"},"image":{"@id":"https:\/\/www.spyshop.info\/en\/shop\/video-surveillance\/hidden-cameras-with-recording\/wifi-weather-station-with-camouflaged-camera-and-integrated-recording\/#primaryimage"},"thumbnailUrl":"https:\/\/www.spyshop.info\/wp-content\/uploads\/2017\/03\/1-1.png","datePublished":"2017-03-06T12:36:14+00:00","dateModified":"2019-06-24T11:11:42+00:00","breadcrumb":{"@id":"https:\/\/www.spyshop.info\/en\/shop\/video-surveillance\/hidden-cameras-with-recording\/wifi-weather-station-with-camouflaged-camera-and-integrated-recording\/#breadcrumb"},"inLanguage":"en-US","potentialAction":[{"@type":"ReadAction","target":["https:\/\/www.spyshop.info\/en\/shop\/video-surveillance\/hidden-cameras-with-recording\/wifi-weather-station-with-camouflaged-camera-and-integrated-recording\/"]}]},{"@type":"ImageObject","inLanguage":"en-US","@id":"https:\/\/www.spyshop.info\/en\/shop\/video-surveillance\/hidden-cameras-with-recording\/wifi-weather-station-with-camouflaged-camera-and-integrated-recording\/#primaryimage","url":"https:\/\/www.spyshop.info\/wp-content\/uploads\/2017\/03\/1-1.png","contentUrl":"https:\/\/www.spyshop.info\/wp-content\/uploads\/2017\/03\/1-1.png","width":557,"height":272},{"@type":"BreadcrumbList","@id":"https:\/\/www.spyshop.info\/en\/shop\/video-surveillance\/hidden-cameras-with-recording\/wifi-weather-station-with-camouflaged-camera-and-integrated-recording\/#breadcrumb","itemListElement":[{"@type":"ListItem","position":1,"name":"Startseite","item":"https:\/\/www.spyshop.info\/en\/"},{"@type":"ListItem","position":2,"name":"Shop","item":"https:\/\/www.spyshop.info\/en\/shop\/"},{"@type":"ListItem","position":3,"name":"WiFi weather station with camouflaged camera and integrated recording"}]},{"@type":"WebSite","@id":"https:\/\/www.spyshop.info\/#website","url":"https:\/\/www.spyshop.info\/","name":"SpyShop","description":"Abh\u00f6rger\u00e4te, GPS Sender, \u00dcberwachungskameras","publisher":{"@id":"https:\/\/www.spyshop.info\/#organization"},"potentialAction":[{"@type":"SearchAction","target":{"@type":"EntryPoint","urlTemplate":"https:\/\/www.spyshop.info\/?s={search_term_string}"},"query-input":{"@type":"PropertyValueSpecification","valueRequired":true,"valueName":"search_term_string"}}],"inLanguage":"en-US"},{"@type":"Organization","@id":"https:\/\/www.spyshop.info\/#organization","name":"SpyShop","url":"https:\/\/www.spyshop.info\/","logo":{"@type":"ImageObject","inLanguage":"en-US","@id":"https:\/\/www.spyshop.info\/#\/schema\/logo\/image\/","url":"https:\/\/www.spyshop.info\/wp-content\/uploads\/2016\/11\/cropped-logo-spyshop-02-1-3.jpg","contentUrl":"https:\/\/www.spyshop.info\/wp-content\/uploads\/2016\/11\/cropped-logo-spyshop-02-1-3.jpg","width":1522,"height":435,"caption":"SpyShop"},"image":{"@id":"https:\/\/www.spyshop.info\/#\/schema\/logo\/image\/"}}]}},"_links":{"self":[{"href":"https:\/\/www.spyshop.info\/en\/wp-json\/wp\/v2\/product\/1045","targetHints":{"allow":["GET"]}}],"collection":[{"href":"https:\/\/www.spyshop.info\/en\/wp-json\/wp\/v2\/product"}],"about":[{"href":"https:\/\/www.spyshop.info\/en\/wp-json\/wp\/v2\/types\/product"}],"version-history":[{"count":0,"href":"https:\/\/www.spyshop.info\/en\/wp-json\/wp\/v2\/product\/1045\/revisions"}],"wp:featuredmedia":[{"embeddable":true,"href":"https:\/\/www.spyshop.info\/en\/wp-json\/wp\/v2\/media\/1038"}],"wp:attachment":[{"href":"https:\/\/www.spyshop.info\/en\/wp-json\/wp\/v2\/media?parent=1045"}],"wp:term":[{"taxonomy":"product_brand","embeddable":true,"href":"https:\/\/www.spyshop.info\/en\/wp-json\/wp\/v2\/product_brand?post=1045"},{"taxonomy":"product_cat","embeddable":true,"href":"https:\/\/www.spyshop.info\/en\/wp-json\/wp\/v2\/product_cat?post=1045"},{"taxonomy":"product_tag","embeddable":true,"href":"https:\/\/www.spyshop.info\/en\/wp-json\/wp\/v2\/product_tag?post=1045"}],"curies":[{"name":"wp","href":"https:\/\/api.w.org\/{rel}","templated":true}]}}