{"id":1024,"date":"2017-03-05T11:09:38","date_gmt":"2018-08-15T10:22:25","guid":{"rendered":"https:\/\/www.spyshop.info\/?post_type=product&#038;p=1024"},"modified":"2018-08-15T12:22:26","modified_gmt":"2018-08-15T10:22:26","slug":"wifi-blackbox-camera-1080-full-hd-with-swiveling-lens","status":"publish","type":"product","link":"https:\/\/www.spyshop.info\/en\/shop\/video-surveillance\/hidden-cameras-with-recording\/wifi-blackbox-camera-1080-full-hd-with-swiveling-lens\/","title":{"rendered":"WiFi Blackbox Camera 1080 Full HD with swiveling lens"},"content":{"rendered":"<p>You can camouflage the device according to your needs or your possibilities or leave it freely on the table or on the shelf. The device does all the monitoring tasks for you and it will completely satisfy you.<\/p>\n<p>&nbsp;<\/p>\n<p>Product characteristics<\/p>\n<p>Easy to hide or camouflage<\/p>\n<p>Remote control and viewing via app for iOS and Android<\/p>\n<p>Lens can be tilted from the distance via app 180 degrees<\/p>\n<p>5.0 mega pixel CMOS sensorHD 1080P @ 30fps<\/p>\n<p>Photo resolution 4032x3024H.264 Compression format<\/p>\n<p>Video format AVI<\/p>\n<p>Viewing angle 90 degrees<\/p>\n<p>Minimum lighting 1 lux<\/p>\n<p>Video, audio, motion detection<\/p>\n<p>Memory Card: max 128GB microSD card<\/p>\n<p>5000mAh battery<\/p>\n<p>Charging time 5 to 6 hours<\/p>\n<p>Approximately 10 hours of recording time at full charge<\/p>\n<p>Product size: 100 x 60 x 20mm<\/p>\n<p>&nbsp;<\/p>\n<p>Delivery:<\/p>\n<p>1 x camera<\/p>\n<p>1 x instruction manual<\/p>\n<p>1 x 5V500MA Power Adapter<\/p>\n<p>1 x USB cable<\/p>\n","protected":false},"excerpt":{"rendered":"<p>This product is a HD (1080p @ 25FPS) camera monitoring module, with TF card storage. It is a multifunctional high-tech product that includes monitoring functions such as video recording, photos, motion detection, alarm, etc.<br \/>\nThis product is equipped with a high capacity battery.<br \/>\nIt provides 1080 FullHD resolution. The device supports up to 128GB TF- or MicroSD memory card. Via WLan you can also remotely view the current action via iOS or Android app or remote control the camera or pan the lens.<\/p>\n","protected":false},"featured_media":1013,"template":"","meta":[],"product_brand":[],"product_cat":[167,164,168],"product_tag":[],"class_list":{"0":"post-1024","1":"product","2":"type-product","3":"status-publish","4":"has-post-thumbnail","6":"product_cat-hidden-cameras-with-recording","7":"product_cat-video-surveillance","8":"product_cat-hidden-wifi-radio-and-gsm-cameras","10":"first","11":"outofstock","12":"taxable","13":"shipping-taxable","14":"purchasable","15":"product-type-simple"},"yoast_head":"<!-- This site is optimized with the Yoast SEO plugin v27.4 - https:\/\/yoast.com\/product\/yoast-seo-wordpress\/ -->\n<title>WiFi Blackbox Camera 1080 Full HD with swiveling lens - SpyShop<\/title>\n<meta name=\"robots\" content=\"index, follow, max-snippet:-1, max-image-preview:large, max-video-preview:-1\" \/>\n<link rel=\"canonical\" href=\"https:\/\/www.spyshop.info\/en\/shop\/video-surveillance\/hidden-cameras-with-recording\/wifi-blackbox-camera-1080-full-hd-with-swiveling-lens\/\" \/>\n<meta property=\"og:locale\" content=\"en_US\" \/>\n<meta property=\"og:type\" content=\"article\" \/>\n<meta property=\"og:title\" content=\"WiFi Blackbox Camera 1080 Full HD with swiveling lens - SpyShop\" \/>\n<meta property=\"og:description\" content=\"This product is a HD (1080p @ 25FPS) camera monitoring module, with TF card storage. It is a multifunctional high-tech product that includes monitoring functions such as video recording, photos, motion detection, alarm, etc. This product is equipped with a high capacity battery. It provides 1080 FullHD resolution. The device supports up to 128GB TF- or MicroSD memory card. Via WLan you can also remotely view the current action via iOS or Android app or remote control the camera or pan the lens.\" \/>\n<meta property=\"og:url\" content=\"https:\/\/www.spyshop.info\/en\/shop\/video-surveillance\/hidden-cameras-with-recording\/wifi-blackbox-camera-1080-full-hd-with-swiveling-lens\/\" \/>\n<meta property=\"og:site_name\" content=\"SpyShop\" \/>\n<meta property=\"article:modified_time\" content=\"2018-08-15T10:22:26+00:00\" \/>\n<meta property=\"og:image\" content=\"https:\/\/www.spyshop.info\/wp-content\/uploads\/2017\/03\/1-161212103UY43.png\" \/>\n\t<meta property=\"og:image:width\" content=\"557\" \/>\n\t<meta property=\"og:image:height\" content=\"272\" \/>\n\t<meta property=\"og:image:type\" content=\"image\/png\" \/>\n<meta name=\"twitter:card\" content=\"summary_large_image\" \/>\n<meta name=\"twitter:label1\" content=\"Est. reading time\" \/>\n\t<meta name=\"twitter:data1\" content=\"1 minute\" \/>\n<script type=\"application\/ld+json\" class=\"yoast-schema-graph\">{\"@context\":\"https:\\\/\\\/schema.org\",\"@graph\":[{\"@type\":\"WebPage\",\"@id\":\"https:\\\/\\\/www.spyshop.info\\\/en\\\/shop\\\/video-surveillance\\\/hidden-cameras-with-recording\\\/wifi-blackbox-camera-1080-full-hd-with-swiveling-lens\\\/\",\"url\":\"https:\\\/\\\/www.spyshop.info\\\/en\\\/shop\\\/video-surveillance\\\/hidden-cameras-with-recording\\\/wifi-blackbox-camera-1080-full-hd-with-swiveling-lens\\\/\",\"name\":\"WiFi Blackbox Camera 1080 Full HD with swiveling lens - SpyShop\",\"isPartOf\":{\"@id\":\"https:\\\/\\\/www.spyshop.info\\\/#website\"},\"primaryImageOfPage\":{\"@id\":\"https:\\\/\\\/www.spyshop.info\\\/en\\\/shop\\\/video-surveillance\\\/hidden-cameras-with-recording\\\/wifi-blackbox-camera-1080-full-hd-with-swiveling-lens\\\/#primaryimage\"},\"image\":{\"@id\":\"https:\\\/\\\/www.spyshop.info\\\/en\\\/shop\\\/video-surveillance\\\/hidden-cameras-with-recording\\\/wifi-blackbox-camera-1080-full-hd-with-swiveling-lens\\\/#primaryimage\"},\"thumbnailUrl\":\"https:\\\/\\\/www.spyshop.info\\\/wp-content\\\/uploads\\\/2017\\\/03\\\/1-161212103UY43.png\",\"datePublished\":\"2018-08-15T10:22:25+00:00\",\"dateModified\":\"2018-08-15T10:22:26+00:00\",\"breadcrumb\":{\"@id\":\"https:\\\/\\\/www.spyshop.info\\\/en\\\/shop\\\/video-surveillance\\\/hidden-cameras-with-recording\\\/wifi-blackbox-camera-1080-full-hd-with-swiveling-lens\\\/#breadcrumb\"},\"inLanguage\":\"en-US\",\"potentialAction\":[{\"@type\":\"ReadAction\",\"target\":[\"https:\\\/\\\/www.spyshop.info\\\/en\\\/shop\\\/video-surveillance\\\/hidden-cameras-with-recording\\\/wifi-blackbox-camera-1080-full-hd-with-swiveling-lens\\\/\"]}]},{\"@type\":\"ImageObject\",\"inLanguage\":\"en-US\",\"@id\":\"https:\\\/\\\/www.spyshop.info\\\/en\\\/shop\\\/video-surveillance\\\/hidden-cameras-with-recording\\\/wifi-blackbox-camera-1080-full-hd-with-swiveling-lens\\\/#primaryimage\",\"url\":\"https:\\\/\\\/www.spyshop.info\\\/wp-content\\\/uploads\\\/2017\\\/03\\\/1-161212103UY43.png\",\"contentUrl\":\"https:\\\/\\\/www.spyshop.info\\\/wp-content\\\/uploads\\\/2017\\\/03\\\/1-161212103UY43.png\",\"width\":557,\"height\":272},{\"@type\":\"BreadcrumbList\",\"@id\":\"https:\\\/\\\/www.spyshop.info\\\/en\\\/shop\\\/video-surveillance\\\/hidden-cameras-with-recording\\\/wifi-blackbox-camera-1080-full-hd-with-swiveling-lens\\\/#breadcrumb\",\"itemListElement\":[{\"@type\":\"ListItem\",\"position\":1,\"name\":\"Startseite\",\"item\":\"https:\\\/\\\/www.spyshop.info\\\/en\\\/\"},{\"@type\":\"ListItem\",\"position\":2,\"name\":\"Shop\",\"item\":\"https:\\\/\\\/www.spyshop.info\\\/en\\\/shop\\\/\"},{\"@type\":\"ListItem\",\"position\":3,\"name\":\"WiFi Blackbox Camera 1080 Full HD with swiveling lens\"}]},{\"@type\":\"WebSite\",\"@id\":\"https:\\\/\\\/www.spyshop.info\\\/#website\",\"url\":\"https:\\\/\\\/www.spyshop.info\\\/\",\"name\":\"SpyShop\",\"description\":\"Abh\u00f6rger\u00e4te, GPS Sender, \u00dcberwachungskameras\",\"publisher\":{\"@id\":\"https:\\\/\\\/www.spyshop.info\\\/#organization\"},\"potentialAction\":[{\"@type\":\"SearchAction\",\"target\":{\"@type\":\"EntryPoint\",\"urlTemplate\":\"https:\\\/\\\/www.spyshop.info\\\/?s={search_term_string}\"},\"query-input\":{\"@type\":\"PropertyValueSpecification\",\"valueRequired\":true,\"valueName\":\"search_term_string\"}}],\"inLanguage\":\"en-US\"},{\"@type\":\"Organization\",\"@id\":\"https:\\\/\\\/www.spyshop.info\\\/#organization\",\"name\":\"SpyShop\",\"url\":\"https:\\\/\\\/www.spyshop.info\\\/\",\"logo\":{\"@type\":\"ImageObject\",\"inLanguage\":\"en-US\",\"@id\":\"https:\\\/\\\/www.spyshop.info\\\/#\\\/schema\\\/logo\\\/image\\\/\",\"url\":\"https:\\\/\\\/www.spyshop.info\\\/wp-content\\\/uploads\\\/2016\\\/11\\\/cropped-logo-spyshop-02-1-3.jpg\",\"contentUrl\":\"https:\\\/\\\/www.spyshop.info\\\/wp-content\\\/uploads\\\/2016\\\/11\\\/cropped-logo-spyshop-02-1-3.jpg\",\"width\":1522,\"height\":435,\"caption\":\"SpyShop\"},\"image\":{\"@id\":\"https:\\\/\\\/www.spyshop.info\\\/#\\\/schema\\\/logo\\\/image\\\/\"}}]}<\/script>\n<!-- \/ Yoast SEO plugin. -->","yoast_head_json":{"title":"WiFi Blackbox Camera 1080 Full HD with swiveling lens - SpyShop","robots":{"index":"index","follow":"follow","max-snippet":"max-snippet:-1","max-image-preview":"max-image-preview:large","max-video-preview":"max-video-preview:-1"},"canonical":"https:\/\/www.spyshop.info\/en\/shop\/video-surveillance\/hidden-cameras-with-recording\/wifi-blackbox-camera-1080-full-hd-with-swiveling-lens\/","og_locale":"en_US","og_type":"article","og_title":"WiFi Blackbox Camera 1080 Full HD with swiveling lens - SpyShop","og_description":"This product is a HD (1080p @ 25FPS) camera monitoring module, with TF card storage. It is a multifunctional high-tech product that includes monitoring functions such as video recording, photos, motion detection, alarm, etc. This product is equipped with a high capacity battery. It provides 1080 FullHD resolution. The device supports up to 128GB TF- or MicroSD memory card. Via WLan you can also remotely view the current action via iOS or Android app or remote control the camera or pan the lens.","og_url":"https:\/\/www.spyshop.info\/en\/shop\/video-surveillance\/hidden-cameras-with-recording\/wifi-blackbox-camera-1080-full-hd-with-swiveling-lens\/","og_site_name":"SpyShop","article_modified_time":"2018-08-15T10:22:26+00:00","og_image":[{"width":557,"height":272,"url":"https:\/\/www.spyshop.info\/wp-content\/uploads\/2017\/03\/1-161212103UY43.png","type":"image\/png"}],"twitter_card":"summary_large_image","twitter_misc":{"Est. reading time":"1 minute"},"schema":{"@context":"https:\/\/schema.org","@graph":[{"@type":"WebPage","@id":"https:\/\/www.spyshop.info\/en\/shop\/video-surveillance\/hidden-cameras-with-recording\/wifi-blackbox-camera-1080-full-hd-with-swiveling-lens\/","url":"https:\/\/www.spyshop.info\/en\/shop\/video-surveillance\/hidden-cameras-with-recording\/wifi-blackbox-camera-1080-full-hd-with-swiveling-lens\/","name":"WiFi Blackbox Camera 1080 Full HD with swiveling lens - SpyShop","isPartOf":{"@id":"https:\/\/www.spyshop.info\/#website"},"primaryImageOfPage":{"@id":"https:\/\/www.spyshop.info\/en\/shop\/video-surveillance\/hidden-cameras-with-recording\/wifi-blackbox-camera-1080-full-hd-with-swiveling-lens\/#primaryimage"},"image":{"@id":"https:\/\/www.spyshop.info\/en\/shop\/video-surveillance\/hidden-cameras-with-recording\/wifi-blackbox-camera-1080-full-hd-with-swiveling-lens\/#primaryimage"},"thumbnailUrl":"https:\/\/www.spyshop.info\/wp-content\/uploads\/2017\/03\/1-161212103UY43.png","datePublished":"2018-08-15T10:22:25+00:00","dateModified":"2018-08-15T10:22:26+00:00","breadcrumb":{"@id":"https:\/\/www.spyshop.info\/en\/shop\/video-surveillance\/hidden-cameras-with-recording\/wifi-blackbox-camera-1080-full-hd-with-swiveling-lens\/#breadcrumb"},"inLanguage":"en-US","potentialAction":[{"@type":"ReadAction","target":["https:\/\/www.spyshop.info\/en\/shop\/video-surveillance\/hidden-cameras-with-recording\/wifi-blackbox-camera-1080-full-hd-with-swiveling-lens\/"]}]},{"@type":"ImageObject","inLanguage":"en-US","@id":"https:\/\/www.spyshop.info\/en\/shop\/video-surveillance\/hidden-cameras-with-recording\/wifi-blackbox-camera-1080-full-hd-with-swiveling-lens\/#primaryimage","url":"https:\/\/www.spyshop.info\/wp-content\/uploads\/2017\/03\/1-161212103UY43.png","contentUrl":"https:\/\/www.spyshop.info\/wp-content\/uploads\/2017\/03\/1-161212103UY43.png","width":557,"height":272},{"@type":"BreadcrumbList","@id":"https:\/\/www.spyshop.info\/en\/shop\/video-surveillance\/hidden-cameras-with-recording\/wifi-blackbox-camera-1080-full-hd-with-swiveling-lens\/#breadcrumb","itemListElement":[{"@type":"ListItem","position":1,"name":"Startseite","item":"https:\/\/www.spyshop.info\/en\/"},{"@type":"ListItem","position":2,"name":"Shop","item":"https:\/\/www.spyshop.info\/en\/shop\/"},{"@type":"ListItem","position":3,"name":"WiFi Blackbox Camera 1080 Full HD with swiveling lens"}]},{"@type":"WebSite","@id":"https:\/\/www.spyshop.info\/#website","url":"https:\/\/www.spyshop.info\/","name":"SpyShop","description":"Abh\u00f6rger\u00e4te, GPS Sender, \u00dcberwachungskameras","publisher":{"@id":"https:\/\/www.spyshop.info\/#organization"},"potentialAction":[{"@type":"SearchAction","target":{"@type":"EntryPoint","urlTemplate":"https:\/\/www.spyshop.info\/?s={search_term_string}"},"query-input":{"@type":"PropertyValueSpecification","valueRequired":true,"valueName":"search_term_string"}}],"inLanguage":"en-US"},{"@type":"Organization","@id":"https:\/\/www.spyshop.info\/#organization","name":"SpyShop","url":"https:\/\/www.spyshop.info\/","logo":{"@type":"ImageObject","inLanguage":"en-US","@id":"https:\/\/www.spyshop.info\/#\/schema\/logo\/image\/","url":"https:\/\/www.spyshop.info\/wp-content\/uploads\/2016\/11\/cropped-logo-spyshop-02-1-3.jpg","contentUrl":"https:\/\/www.spyshop.info\/wp-content\/uploads\/2016\/11\/cropped-logo-spyshop-02-1-3.jpg","width":1522,"height":435,"caption":"SpyShop"},"image":{"@id":"https:\/\/www.spyshop.info\/#\/schema\/logo\/image\/"}}]}},"_links":{"self":[{"href":"https:\/\/www.spyshop.info\/en\/wp-json\/wp\/v2\/product\/1024","targetHints":{"allow":["GET"]}}],"collection":[{"href":"https:\/\/www.spyshop.info\/en\/wp-json\/wp\/v2\/product"}],"about":[{"href":"https:\/\/www.spyshop.info\/en\/wp-json\/wp\/v2\/types\/product"}],"version-history":[{"count":0,"href":"https:\/\/www.spyshop.info\/en\/wp-json\/wp\/v2\/product\/1024\/revisions"}],"wp:featuredmedia":[{"embeddable":true,"href":"https:\/\/www.spyshop.info\/en\/wp-json\/wp\/v2\/media\/1013"}],"wp:attachment":[{"href":"https:\/\/www.spyshop.info\/en\/wp-json\/wp\/v2\/media?parent=1024"}],"wp:term":[{"taxonomy":"product_brand","embeddable":true,"href":"https:\/\/www.spyshop.info\/en\/wp-json\/wp\/v2\/product_brand?post=1024"},{"taxonomy":"product_cat","embeddable":true,"href":"https:\/\/www.spyshop.info\/en\/wp-json\/wp\/v2\/product_cat?post=1024"},{"taxonomy":"product_tag","embeddable":true,"href":"https:\/\/www.spyshop.info\/en\/wp-json\/wp\/v2\/product_tag?post=1024"}],"curies":[{"name":"wp","href":"https:\/\/api.w.org\/{rel}","templated":true}]}}