{"id":481,"date":"2016-07-05T20:45:12","date_gmt":"2016-07-05T18:45:12","guid":{"rendered":"https:\/\/www.spyshop.info\/en\/widerrufsbelehrung\/"},"modified":"2020-11-15T10:44:17","modified_gmt":"2020-11-15T09:44:17","slug":"notice-of-cancellation","status":"publish","type":"page","link":"https:\/\/www.spyshop.info\/en\/notice-of-cancellation\/","title":{"rendered":"NOTICE OF CANCELLATION"},"content":{"rendered":"<p><span title=\"Sie haben das Recht, binnen vierzehn Tagen ohne Angabe von Gr\u00fcnden diesen Vertrag zu widerrufen.\">You have the right to withdraw within fourteen days without giving a reason this contract. <\/span><span title=\"Die Widerrufsfrist betr\u00e4gt vierzehn Tage ab dem Tag an dem Sie oder ein von Ihnen benannter Dritter, der nicht der Bef\u00f6rderer ist, die Waren in Besitz genommen haben bzw. hat. \">The withdrawal period is fourteen days from the date on which you or a representative from your third party other than the carrier and the goods have taken possession of or has.<\/span><\/p>\n<p><span title=\"Um Ihr Widerrufsrecht auszu\u00fcben, m\u00fcssen Sie uns \"><strong>To exercise your right, you have to send us<\/strong><\/span><\/p>\n<p><span title=\"Detektivkanzlei Georg Krasser \">Detective firm Georg Krasser<br \/>\n<\/span><span title=\"Adresse: Franziska Fast Gasse 20, A-1220 Wien, \u00d6sterreich \">Address: Franziska Fast Gasse 20, A-1220 Vienna, Austria<br \/>\n<\/span><span title=\"Telefon: 0043 192 29 007 \">Phone: 0043 192 29 007<br \/>\n<\/span><span title=\"Mobil: 0043 699 192 29 007 \">Mobile: 0043 699 192 29 007<br \/>\n<\/span><span title=\"E-Mail: office[\u00e4t]derkrasser.at \">E-Mail: office [at] derkrasser.at<\/span><\/p>\n<p><span title=\"mittels einer eindeutigen Erkl\u00e4rung (z. B. ein mit der Post versandter Brief oder E-Mail) \u00fcber Ihren Entschluss, diesen Vertrag zu widerrufen, informieren.\">a unique statement about your decision to withdraw from this contract, inform (a consigned by mail letter or email). <\/span><span title=\"Sie k\u00f6nnen daf\u00fcr das &gt; Muster-Widerrufsformular verwenden, das jedoch nicht vorgeschrieben ist.\">You can do so via the&gt; <a href=\"https:\/\/www.spyshop.info\/wp-content\/uploads\/2016\/07\/Muster_Widerrufsformular.pdf\" target=\"_blank\" rel=\"noopener noreferrer\">model withdrawal form<\/a>, which is not mandatory, however. <\/span><span title=\"Ein Widerrufsrecht besteht ferner nicht bei Waren, die eindeutig auf die pers\u00f6nlichen Bed\u00fcrfnisse des Verbrauchers zugeschnitten sind. \">A right of withdrawal also does not apply to goods which are clearly tailored to the personal needs of the consumer.<\/span><\/p>\n<p><span title=\"Folgen des Widerrufs \"><strong>Effects of withdrawal<\/strong><br \/>\n<\/span><span title=\"Wenn Sie diesen Vertrag widerrufen, haben wir Ihnen alle Zahlungen, die wir von Ihnen erhalten haben, einschlie\u00dflich der Lieferkosten (mit Ausnahme der zus\u00e4tzlichen Kosten, die sich daraus ergeben, dass Sie eine andere Art der Lieferung als die von uns angebotene, g\u00fcnstigste Standardlieferung gew\u00e4hlt\">If you withdraw from this contract, we will reimburse all payments we have received from you, including the costs of supply (with the exception of the additional costs arising from the fact that you have chosen a type of delivery other than that offered by us, cheapest Standard <\/span><span title=\"haben), unverz\u00fcglich und sp\u00e4testens binnen vierzehn Tagen ab dem Tag zur\u00fcckzuzahlen, an dem die Mitteilung \u00fcber Ihren Widerruf dieses Vertrags bei uns eingegangen ist.\">have), and repay immediately latest within fourteen days from the date on which the notification has been received about your cancellation of this contract with us. <\/span><span title=\"F\u00fcr diese R\u00fcckzahlung verwenden wir dasselbe Zahlungsmittel, das Sie bei der urspr\u00fcnglichen Transaktion eingesetzt haben, es sei denn, mit Ihnen wurde ausdr\u00fccklich etwas anderes vereinbart;\">For this repayment, we use the same method of payment that you used in the original transaction, unless you explicitly agreed otherwise; <\/span><span title=\"in keinem Fall werden Ihnen wegen dieser R\u00fcckzahlung Entgelte berechnet. \">in any case you will be charged fees for this repayment.<\/span><\/p>\n<p><span title=\"Sie haben die Waren unverz\u00fcglich und in jedem Fall sp\u00e4testens binnen vierzehn Tagen ab dem Tag, an dem Sie uns \u00fcber den Widerruf dieses Vertrags unterrichten, an uns zur\u00fcckzusenden oder zu \u00fcbergeben.\">You have to return the goods immediately and in any event not later than fourteen days from the date on which you inform us of any cancellation of this contract to us or passed. <\/span><span title=\"Die Frist ist gewahrt, wenn Sie die Waren vor Ablauf der Frist von vierzehn Tagen absenden.\">The deadline is met if you send the goods before the period of fourteen days. <\/span><span title=\"Wir tragen die Kosten der R\u00fccksendung der Waren.\">We bear the cost of returning the goods. <\/span><span title=\"Sie m\u00fcssen f\u00fcr einen etwaigen Wertverlust der Waren nur aufkommen, wenn dieser Wertverlust auf einen zur Pr\u00fcfung der Beschaffenheit, Eigenschaften und Funktionsweise der Waren nicht notwendigen Umgang mit ihnen zur\u00fcckzuf\u00fchren ist.\">You only need to pay for any diminished value of the goods, where the value loss is due to a necessary to ascertain the nature, characteristics and functioning of the goods handling.<\/span><\/p>\n","protected":false},"excerpt":{"rendered":"<p>You have the right to withdraw within fourteen days without giving a reason this contract. The withdrawal period is fourteen days from the date on which you or a representative from your third party other than the carrier and the goods have taken possession of or has. To exercise your right, you have to send [&hellip;]<\/p>\n","protected":false},"author":1,"featured_media":0,"parent":0,"menu_order":0,"comment_status":"closed","ping_status":"closed","template":"","meta":{"footnotes":""},"class_list":["post-481","page","type-page","status-publish","hentry"],"yoast_head":"<!-- This site is optimized with the Yoast SEO plugin v27.5 - https:\/\/yoast.com\/product\/yoast-seo-wordpress\/ -->\n<title>NOTICE OF CANCELLATION - SpyShop<\/title>\n<meta name=\"robots\" content=\"index, follow, max-snippet:-1, max-image-preview:large, max-video-preview:-1\" \/>\n<link rel=\"canonical\" href=\"https:\/\/www.spyshop.info\/en\/notice-of-cancellation\/\" \/>\n<meta property=\"og:locale\" content=\"en_US\" \/>\n<meta property=\"og:type\" content=\"article\" \/>\n<meta property=\"og:title\" content=\"NOTICE OF CANCELLATION - SpyShop\" \/>\n<meta property=\"og:description\" content=\"You have the right to withdraw within fourteen days without giving a reason this contract. The withdrawal period is fourteen days from the date on which you or a representative from your third party other than the carrier and the goods have taken possession of or has. To exercise your right, you have to send [&hellip;]\" \/>\n<meta property=\"og:url\" content=\"https:\/\/www.spyshop.info\/en\/notice-of-cancellation\/\" \/>\n<meta property=\"og:site_name\" content=\"SpyShop\" \/>\n<meta property=\"article:modified_time\" content=\"2020-11-15T09:44:17+00:00\" \/>\n<meta name=\"twitter:card\" content=\"summary_large_image\" \/>\n<meta name=\"twitter:label1\" content=\"Est. reading time\" \/>\n\t<meta name=\"twitter:data1\" content=\"2 minutes\" \/>\n<script type=\"application\/ld+json\" class=\"yoast-schema-graph\">{\"@context\":\"https:\\\/\\\/schema.org\",\"@graph\":[{\"@type\":\"WebPage\",\"@id\":\"https:\\\/\\\/www.spyshop.info\\\/en\\\/notice-of-cancellation\\\/\",\"url\":\"https:\\\/\\\/www.spyshop.info\\\/en\\\/notice-of-cancellation\\\/\",\"name\":\"NOTICE OF CANCELLATION - SpyShop\",\"isPartOf\":{\"@id\":\"https:\\\/\\\/www.spyshop.info\\\/#website\"},\"datePublished\":\"2016-07-05T18:45:12+00:00\",\"dateModified\":\"2020-11-15T09:44:17+00:00\",\"breadcrumb\":{\"@id\":\"https:\\\/\\\/www.spyshop.info\\\/en\\\/notice-of-cancellation\\\/#breadcrumb\"},\"inLanguage\":\"en-US\",\"potentialAction\":[{\"@type\":\"ReadAction\",\"target\":[\"https:\\\/\\\/www.spyshop.info\\\/en\\\/notice-of-cancellation\\\/\"]}]},{\"@type\":\"BreadcrumbList\",\"@id\":\"https:\\\/\\\/www.spyshop.info\\\/en\\\/notice-of-cancellation\\\/#breadcrumb\",\"itemListElement\":[{\"@type\":\"ListItem\",\"position\":1,\"name\":\"Startseite\",\"item\":\"https:\\\/\\\/www.spyshop.info\\\/en\\\/\"},{\"@type\":\"ListItem\",\"position\":2,\"name\":\"NOTICE OF CANCELLATION\"}]},{\"@type\":\"WebSite\",\"@id\":\"https:\\\/\\\/www.spyshop.info\\\/#website\",\"url\":\"https:\\\/\\\/www.spyshop.info\\\/\",\"name\":\"SpyShop\",\"description\":\"Abh\u00f6rger\u00e4te, GPS Sender, \u00dcberwachungskameras\",\"publisher\":{\"@id\":\"https:\\\/\\\/www.spyshop.info\\\/#organization\"},\"potentialAction\":[{\"@type\":\"SearchAction\",\"target\":{\"@type\":\"EntryPoint\",\"urlTemplate\":\"https:\\\/\\\/www.spyshop.info\\\/?s={search_term_string}\"},\"query-input\":{\"@type\":\"PropertyValueSpecification\",\"valueRequired\":true,\"valueName\":\"search_term_string\"}}],\"inLanguage\":\"en-US\"},{\"@type\":\"Organization\",\"@id\":\"https:\\\/\\\/www.spyshop.info\\\/#organization\",\"name\":\"SpyShop\",\"url\":\"https:\\\/\\\/www.spyshop.info\\\/\",\"logo\":{\"@type\":\"ImageObject\",\"inLanguage\":\"en-US\",\"@id\":\"https:\\\/\\\/www.spyshop.info\\\/#\\\/schema\\\/logo\\\/image\\\/\",\"url\":\"https:\\\/\\\/www.spyshop.info\\\/wp-content\\\/uploads\\\/2016\\\/11\\\/cropped-logo-spyshop-02-1-3.jpg\",\"contentUrl\":\"https:\\\/\\\/www.spyshop.info\\\/wp-content\\\/uploads\\\/2016\\\/11\\\/cropped-logo-spyshop-02-1-3.jpg\",\"width\":1522,\"height\":435,\"caption\":\"SpyShop\"},\"image\":{\"@id\":\"https:\\\/\\\/www.spyshop.info\\\/#\\\/schema\\\/logo\\\/image\\\/\"}}]}<\/script>\n<!-- \/ Yoast SEO plugin. -->","yoast_head_json":{"title":"NOTICE OF CANCELLATION - SpyShop","robots":{"index":"index","follow":"follow","max-snippet":"max-snippet:-1","max-image-preview":"max-image-preview:large","max-video-preview":"max-video-preview:-1"},"canonical":"https:\/\/www.spyshop.info\/en\/notice-of-cancellation\/","og_locale":"en_US","og_type":"article","og_title":"NOTICE OF CANCELLATION - SpyShop","og_description":"You have the right to withdraw within fourteen days without giving a reason this contract. The withdrawal period is fourteen days from the date on which you or a representative from your third party other than the carrier and the goods have taken possession of or has. To exercise your right, you have to send [&hellip;]","og_url":"https:\/\/www.spyshop.info\/en\/notice-of-cancellation\/","og_site_name":"SpyShop","article_modified_time":"2020-11-15T09:44:17+00:00","twitter_card":"summary_large_image","twitter_misc":{"Est. reading time":"2 minutes"},"schema":{"@context":"https:\/\/schema.org","@graph":[{"@type":"WebPage","@id":"https:\/\/www.spyshop.info\/en\/notice-of-cancellation\/","url":"https:\/\/www.spyshop.info\/en\/notice-of-cancellation\/","name":"NOTICE OF CANCELLATION - SpyShop","isPartOf":{"@id":"https:\/\/www.spyshop.info\/#website"},"datePublished":"2016-07-05T18:45:12+00:00","dateModified":"2020-11-15T09:44:17+00:00","breadcrumb":{"@id":"https:\/\/www.spyshop.info\/en\/notice-of-cancellation\/#breadcrumb"},"inLanguage":"en-US","potentialAction":[{"@type":"ReadAction","target":["https:\/\/www.spyshop.info\/en\/notice-of-cancellation\/"]}]},{"@type":"BreadcrumbList","@id":"https:\/\/www.spyshop.info\/en\/notice-of-cancellation\/#breadcrumb","itemListElement":[{"@type":"ListItem","position":1,"name":"Startseite","item":"https:\/\/www.spyshop.info\/en\/"},{"@type":"ListItem","position":2,"name":"NOTICE OF CANCELLATION"}]},{"@type":"WebSite","@id":"https:\/\/www.spyshop.info\/#website","url":"https:\/\/www.spyshop.info\/","name":"SpyShop","description":"Abh\u00f6rger\u00e4te, GPS Sender, \u00dcberwachungskameras","publisher":{"@id":"https:\/\/www.spyshop.info\/#organization"},"potentialAction":[{"@type":"SearchAction","target":{"@type":"EntryPoint","urlTemplate":"https:\/\/www.spyshop.info\/?s={search_term_string}"},"query-input":{"@type":"PropertyValueSpecification","valueRequired":true,"valueName":"search_term_string"}}],"inLanguage":"en-US"},{"@type":"Organization","@id":"https:\/\/www.spyshop.info\/#organization","name":"SpyShop","url":"https:\/\/www.spyshop.info\/","logo":{"@type":"ImageObject","inLanguage":"en-US","@id":"https:\/\/www.spyshop.info\/#\/schema\/logo\/image\/","url":"https:\/\/www.spyshop.info\/wp-content\/uploads\/2016\/11\/cropped-logo-spyshop-02-1-3.jpg","contentUrl":"https:\/\/www.spyshop.info\/wp-content\/uploads\/2016\/11\/cropped-logo-spyshop-02-1-3.jpg","width":1522,"height":435,"caption":"SpyShop"},"image":{"@id":"https:\/\/www.spyshop.info\/#\/schema\/logo\/image\/"}}]}},"_links":{"self":[{"href":"https:\/\/www.spyshop.info\/en\/wp-json\/wp\/v2\/pages\/481","targetHints":{"allow":["GET"]}}],"collection":[{"href":"https:\/\/www.spyshop.info\/en\/wp-json\/wp\/v2\/pages"}],"about":[{"href":"https:\/\/www.spyshop.info\/en\/wp-json\/wp\/v2\/types\/page"}],"author":[{"embeddable":true,"href":"https:\/\/www.spyshop.info\/en\/wp-json\/wp\/v2\/users\/1"}],"replies":[{"embeddable":true,"href":"https:\/\/www.spyshop.info\/en\/wp-json\/wp\/v2\/comments?post=481"}],"version-history":[{"count":0,"href":"https:\/\/www.spyshop.info\/en\/wp-json\/wp\/v2\/pages\/481\/revisions"}],"wp:attachment":[{"href":"https:\/\/www.spyshop.info\/en\/wp-json\/wp\/v2\/media?parent=481"}],"curies":[{"name":"wp","href":"https:\/\/api.w.org\/{rel}","templated":true}]}}