{"id":456,"date":"2016-07-24T17:49:17","date_gmt":"2016-07-24T15:49:17","guid":{"rendered":"https:\/\/www.spyshop.info\/en\/impressum\/"},"modified":"2020-11-15T10:42:10","modified_gmt":"2020-11-15T09:42:10","slug":"imprint","status":"publish","type":"page","link":"https:\/\/www.spyshop.info\/en\/imprint\/","title":{"rendered":"IMPRINT"},"content":{"rendered":"<p><strong><span id=\"result_box\" class=\"\" lang=\"en\"><span class=\"\">Site operator<\/span> and responsible for the content:<\/span><br \/>\n<\/strong><span id=\"result_box\" class=\"\" lang=\"en\">Georg <span class=\"\">Krasser<\/span><\/span><\/p>\n<p>Address: Franziska Fast Gasse 20, A-1220 Vienna<br \/>\nPhone: 0043 1 997 28 24<br \/>\nWeb: <a href=\"https:\/\/www.spyshop.info\">www.spyshop.info<\/a><br \/>\nE-Mail: 007<a href=\"mailto:office@derkrasser.at\">[\u00e4t]<\/a>spyshop.info<\/p>\n<blockquote><p><a href=\"https:\/\/www.spyshop.info\/wp-content\/uploads\/2016\/09\/AGB-SpyShop-Englisch.docx1_-3.pdf\" target=\"_blank\" rel=\"noopener noreferrer\">Terms of Service<\/a><\/p><\/blockquote>\n<p><span id=\"result_box\" class=\"\" lang=\"en\">Authority acc. ECG (E-Commerce Act):<br \/>\nMunicipal District Office of the XXII. district<br \/>\nLegislation applicable: commercial trade<br \/>\nLegal form: Sole proprietorship<br \/>\nUID number: ATU50191615<br \/>\nEORI number: <span class=\"\">ATEOS1000052238<\/span><\/span><\/p>\n<p><img decoding=\"async\" class=\"alignnone size-full wp-image-423\" src=\"https:\/\/www.spyshop.info\/wp-content\/uploads\/2016\/07\/wko.png\" alt=\"\" width=\"171\" height=\"57\" \/><\/p>\n<p>&gt; <a href=\"https:\/\/firmen.wko.at\/Web\/DetailsInfos.aspx?FirmaID=623e054f-de10-4341-8bfd-732d9b83d46f\" target=\"_blank\" rel=\"noopener noreferrer\">Open WKO Business Listing<\/a><\/p>\n","protected":false},"excerpt":{"rendered":"<p>Site operator and responsible for the content: Georg Krasser Address: Franziska Fast Gasse 20, A-1220 Vienna Phone: 0043 1 997 28 24 Web: www.spyshop.info E-Mail: 007[\u00e4t]spyshop.info Terms of Service Authority acc. ECG (E-Commerce Act): Municipal District Office of the XXII. district Legislation applicable: commercial trade Legal form: Sole proprietorship UID number: ATU50191615 EORI number: ATEOS1000052238 [&hellip;]<\/p>\n","protected":false},"author":1,"featured_media":0,"parent":0,"menu_order":0,"comment_status":"closed","ping_status":"closed","template":"","meta":{"footnotes":""},"class_list":["post-456","page","type-page","status-publish","hentry"],"yoast_head":"<!-- This site is optimized with the Yoast SEO plugin v27.6 - https:\/\/yoast.com\/product\/yoast-seo-wordpress\/ -->\n<title>IMPRINT - SpyShop<\/title>\n<meta name=\"description\" content=\"In the imprint you can read all of our contact options as well as data about our company.\" \/>\n<meta name=\"robots\" content=\"index, follow, max-snippet:-1, max-image-preview:large, max-video-preview:-1\" \/>\n<link rel=\"canonical\" href=\"https:\/\/www.spyshop.info\/en\/imprint\/\" \/>\n<meta property=\"og:locale\" content=\"en_US\" \/>\n<meta property=\"og:type\" content=\"article\" \/>\n<meta property=\"og:title\" content=\"IMPRINT - SpyShop\" \/>\n<meta property=\"og:description\" content=\"In the imprint you can read all of our contact options as well as data about our company.\" \/>\n<meta property=\"og:url\" content=\"https:\/\/www.spyshop.info\/en\/imprint\/\" \/>\n<meta property=\"og:site_name\" content=\"SpyShop\" \/>\n<meta property=\"article:modified_time\" content=\"2020-11-15T09:42:10+00:00\" \/>\n<meta property=\"og:image\" content=\"https:\/\/www.spyshop.info\/wp-content\/uploads\/2016\/07\/wko.png\" \/>\n<meta name=\"twitter:card\" content=\"summary_large_image\" \/>\n<script type=\"application\/ld+json\" class=\"yoast-schema-graph\">{\"@context\":\"https:\\\/\\\/schema.org\",\"@graph\":[{\"@type\":\"WebPage\",\"@id\":\"https:\\\/\\\/www.spyshop.info\\\/en\\\/imprint\\\/\",\"url\":\"https:\\\/\\\/www.spyshop.info\\\/en\\\/imprint\\\/\",\"name\":\"IMPRINT - SpyShop\",\"isPartOf\":{\"@id\":\"https:\\\/\\\/www.spyshop.info\\\/#website\"},\"primaryImageOfPage\":{\"@id\":\"https:\\\/\\\/www.spyshop.info\\\/en\\\/imprint\\\/#primaryimage\"},\"image\":{\"@id\":\"https:\\\/\\\/www.spyshop.info\\\/en\\\/imprint\\\/#primaryimage\"},\"thumbnailUrl\":\"https:\\\/\\\/www.spyshop.info\\\/wp-content\\\/uploads\\\/2016\\\/07\\\/wko.png\",\"datePublished\":\"2016-07-24T15:49:17+00:00\",\"dateModified\":\"2020-11-15T09:42:10+00:00\",\"description\":\"In the imprint you can read all of our contact options as well as data about our company.\",\"breadcrumb\":{\"@id\":\"https:\\\/\\\/www.spyshop.info\\\/en\\\/imprint\\\/#breadcrumb\"},\"inLanguage\":\"en-US\",\"potentialAction\":[{\"@type\":\"ReadAction\",\"target\":[\"https:\\\/\\\/www.spyshop.info\\\/en\\\/imprint\\\/\"]}]},{\"@type\":\"ImageObject\",\"inLanguage\":\"en-US\",\"@id\":\"https:\\\/\\\/www.spyshop.info\\\/en\\\/imprint\\\/#primaryimage\",\"url\":\"https:\\\/\\\/www.spyshop.info\\\/wp-content\\\/uploads\\\/2016\\\/07\\\/wko.png\",\"contentUrl\":\"https:\\\/\\\/www.spyshop.info\\\/wp-content\\\/uploads\\\/2016\\\/07\\\/wko.png\"},{\"@type\":\"BreadcrumbList\",\"@id\":\"https:\\\/\\\/www.spyshop.info\\\/en\\\/imprint\\\/#breadcrumb\",\"itemListElement\":[{\"@type\":\"ListItem\",\"position\":1,\"name\":\"Startseite\",\"item\":\"https:\\\/\\\/www.spyshop.info\\\/en\\\/\"},{\"@type\":\"ListItem\",\"position\":2,\"name\":\"IMPRINT\"}]},{\"@type\":\"WebSite\",\"@id\":\"https:\\\/\\\/www.spyshop.info\\\/#website\",\"url\":\"https:\\\/\\\/www.spyshop.info\\\/\",\"name\":\"SpyShop\",\"description\":\"Abh\u00f6rger\u00e4te, GPS Sender, \u00dcberwachungskameras\",\"publisher\":{\"@id\":\"https:\\\/\\\/www.spyshop.info\\\/#organization\"},\"potentialAction\":[{\"@type\":\"SearchAction\",\"target\":{\"@type\":\"EntryPoint\",\"urlTemplate\":\"https:\\\/\\\/www.spyshop.info\\\/?s={search_term_string}\"},\"query-input\":{\"@type\":\"PropertyValueSpecification\",\"valueRequired\":true,\"valueName\":\"search_term_string\"}}],\"inLanguage\":\"en-US\"},{\"@type\":\"Organization\",\"@id\":\"https:\\\/\\\/www.spyshop.info\\\/#organization\",\"name\":\"SpyShop\",\"url\":\"https:\\\/\\\/www.spyshop.info\\\/\",\"logo\":{\"@type\":\"ImageObject\",\"inLanguage\":\"en-US\",\"@id\":\"https:\\\/\\\/www.spyshop.info\\\/#\\\/schema\\\/logo\\\/image\\\/\",\"url\":\"https:\\\/\\\/www.spyshop.info\\\/wp-content\\\/uploads\\\/2016\\\/11\\\/cropped-logo-spyshop-02-1-3.jpg\",\"contentUrl\":\"https:\\\/\\\/www.spyshop.info\\\/wp-content\\\/uploads\\\/2016\\\/11\\\/cropped-logo-spyshop-02-1-3.jpg\",\"width\":1522,\"height\":435,\"caption\":\"SpyShop\"},\"image\":{\"@id\":\"https:\\\/\\\/www.spyshop.info\\\/#\\\/schema\\\/logo\\\/image\\\/\"}}]}<\/script>\n<!-- \/ Yoast SEO plugin. -->","yoast_head_json":{"title":"IMPRINT - SpyShop","description":"In the imprint you can read all of our contact options as well as data about our company.","robots":{"index":"index","follow":"follow","max-snippet":"max-snippet:-1","max-image-preview":"max-image-preview:large","max-video-preview":"max-video-preview:-1"},"canonical":"https:\/\/www.spyshop.info\/en\/imprint\/","og_locale":"en_US","og_type":"article","og_title":"IMPRINT - SpyShop","og_description":"In the imprint you can read all of our contact options as well as data about our company.","og_url":"https:\/\/www.spyshop.info\/en\/imprint\/","og_site_name":"SpyShop","article_modified_time":"2020-11-15T09:42:10+00:00","og_image":[{"url":"https:\/\/www.spyshop.info\/wp-content\/uploads\/2016\/07\/wko.png","type":"","width":"","height":""}],"twitter_card":"summary_large_image","schema":{"@context":"https:\/\/schema.org","@graph":[{"@type":"WebPage","@id":"https:\/\/www.spyshop.info\/en\/imprint\/","url":"https:\/\/www.spyshop.info\/en\/imprint\/","name":"IMPRINT - SpyShop","isPartOf":{"@id":"https:\/\/www.spyshop.info\/#website"},"primaryImageOfPage":{"@id":"https:\/\/www.spyshop.info\/en\/imprint\/#primaryimage"},"image":{"@id":"https:\/\/www.spyshop.info\/en\/imprint\/#primaryimage"},"thumbnailUrl":"https:\/\/www.spyshop.info\/wp-content\/uploads\/2016\/07\/wko.png","datePublished":"2016-07-24T15:49:17+00:00","dateModified":"2020-11-15T09:42:10+00:00","description":"In the imprint you can read all of our contact options as well as data about our company.","breadcrumb":{"@id":"https:\/\/www.spyshop.info\/en\/imprint\/#breadcrumb"},"inLanguage":"en-US","potentialAction":[{"@type":"ReadAction","target":["https:\/\/www.spyshop.info\/en\/imprint\/"]}]},{"@type":"ImageObject","inLanguage":"en-US","@id":"https:\/\/www.spyshop.info\/en\/imprint\/#primaryimage","url":"https:\/\/www.spyshop.info\/wp-content\/uploads\/2016\/07\/wko.png","contentUrl":"https:\/\/www.spyshop.info\/wp-content\/uploads\/2016\/07\/wko.png"},{"@type":"BreadcrumbList","@id":"https:\/\/www.spyshop.info\/en\/imprint\/#breadcrumb","itemListElement":[{"@type":"ListItem","position":1,"name":"Startseite","item":"https:\/\/www.spyshop.info\/en\/"},{"@type":"ListItem","position":2,"name":"IMPRINT"}]},{"@type":"WebSite","@id":"https:\/\/www.spyshop.info\/#website","url":"https:\/\/www.spyshop.info\/","name":"SpyShop","description":"Abh\u00f6rger\u00e4te, GPS Sender, \u00dcberwachungskameras","publisher":{"@id":"https:\/\/www.spyshop.info\/#organization"},"potentialAction":[{"@type":"SearchAction","target":{"@type":"EntryPoint","urlTemplate":"https:\/\/www.spyshop.info\/?s={search_term_string}"},"query-input":{"@type":"PropertyValueSpecification","valueRequired":true,"valueName":"search_term_string"}}],"inLanguage":"en-US"},{"@type":"Organization","@id":"https:\/\/www.spyshop.info\/#organization","name":"SpyShop","url":"https:\/\/www.spyshop.info\/","logo":{"@type":"ImageObject","inLanguage":"en-US","@id":"https:\/\/www.spyshop.info\/#\/schema\/logo\/image\/","url":"https:\/\/www.spyshop.info\/wp-content\/uploads\/2016\/11\/cropped-logo-spyshop-02-1-3.jpg","contentUrl":"https:\/\/www.spyshop.info\/wp-content\/uploads\/2016\/11\/cropped-logo-spyshop-02-1-3.jpg","width":1522,"height":435,"caption":"SpyShop"},"image":{"@id":"https:\/\/www.spyshop.info\/#\/schema\/logo\/image\/"}}]}},"_links":{"self":[{"href":"https:\/\/www.spyshop.info\/en\/wp-json\/wp\/v2\/pages\/456","targetHints":{"allow":["GET"]}}],"collection":[{"href":"https:\/\/www.spyshop.info\/en\/wp-json\/wp\/v2\/pages"}],"about":[{"href":"https:\/\/www.spyshop.info\/en\/wp-json\/wp\/v2\/types\/page"}],"author":[{"embeddable":true,"href":"https:\/\/www.spyshop.info\/en\/wp-json\/wp\/v2\/users\/1"}],"replies":[{"embeddable":true,"href":"https:\/\/www.spyshop.info\/en\/wp-json\/wp\/v2\/comments?post=456"}],"version-history":[{"count":0,"href":"https:\/\/www.spyshop.info\/en\/wp-json\/wp\/v2\/pages\/456\/revisions"}],"wp:attachment":[{"href":"https:\/\/www.spyshop.info\/en\/wp-json\/wp\/v2\/media?parent=456"}],"curies":[{"name":"wp","href":"https:\/\/api.w.org\/{rel}","templated":true}]}}